{"id":1249,"date":"2019-03-18T19:58:44","date_gmt":"2019-03-18T18:58:44","guid":{"rendered":"http:\/\/urdaburu.eus\/?page_id=1249"},"modified":"2024-10-22T21:30:54","modified_gmt":"2024-10-22T20:30:54","slug":"escolares-normas","status":"publish","type":"page","link":"https:\/\/urdaburu.eus\/es\/escolares-normas\/","title":{"rendered":"Escolares: normas"},"content":{"rendered":"\n<div class=\"wp-block-columns\">\n<div class=\"wp-block-column\" style=\"flex-basis:70%\">\n<p class=\"zfr3Q\">OBLIGATORIO:<\/p>\n<ul class=\"n8H08c UVNKR\">\n<li id=\"h.p_vAa2j2h3lE3H\" class=\"zfr3Q TYR86d\" style=\"text-align: justify;\">Hay que realizar la inscripci\u00f3n en cada salida, en la web de la Ikastola, en la secci\u00f3n MENDI IRTEERAK de Eskola Kirola:&nbsp;<a class=\"dhtgD\" href=\"https:\/\/www.google.com\/url?q=https%3A%2F%2Fsites.google.com%2Foreretaikastola.net%2Feskola-kirola%2Fmendi-irteerak%2Fizen-ematea&amp;sa=D&amp;sntz=1&amp;usg=AFQjCNEJiD5De3mXuOIdtwaBPhDiEhSiTg\" target=\"_blank\" rel=\"noopener\">https:\/\/sites.google.com\/oreretaikastola.net\/eskola-kirola\/mendi-irteerak\/izen-ematea<\/a>. Ah\u00ed encontrar\u00e9is tambi\u00e9n informaci\u00f3n de la salida y un formulario a rellenar. Realizar la inscripci\u00f3n antes del jueves al mediod\u00eda previo a la salida, ya que entonces realizan la reserva del autob\u00fas.<\/li>\n<li id=\"h.p_zDyJNzBclE3I\" class=\"zfr3Q TYR86d\" style=\"text-align: justify;\">Mochila adecuada (no haga da\u00f1o en la espalda), xira, abrigo, agua y el almuerzo.<\/li>\n<li id=\"h.p_F33kh9j9lE3J\" class=\"zfr3Q TYR86d\" style=\"text-align: justify;\">Cada escolar debe llevar su mochila.<\/li>\n<li id=\"h.p_ByHpdZmjlE3K\" class=\"zfr3Q TYR86d\" style=\"text-align: justify;\">Botas de monte del tama\u00f1o adecuado, ajustadas al pie y al tobillo (las zapatillas no son adecuadas).<\/li>\n<\/ul>\n<p id=\"h.p_n87qwa-slE3M\" class=\"zfr3Q RuayVd\" style=\"text-align: justify;\"><em><strong>Los escolares disponen de seguro escolar. Los que acuden a las tres primeras salidas tienen el seguro para todo el curso. Si alg\u00fan escolar se inscribe m\u00e1s tarde, hay que indicarlo, para poder tramitar el seguro, el centro escolar (Orereta Ikastola) se encargar\u00e1 de darle de alta en el programa de Eskola Kirola de la Diputaci\u00f3n<\/strong><\/em><\/p>\n<p class=\"zfr3Q RuayVd\" style=\"text-align: justify;\">* La inscripci\u00f3n de la \u00faltima salida (la de dos d\u00edas), se hace en \u00e9sta web.<\/p>\n<p id=\"h.p_rRjVvrc1lE3O\" class=\"zfr3Q\" style=\"text-align: justify;\">RECOMENDACIONES:<\/p>\n<ul class=\"n8H08c UVNKR\">\n<li id=\"h.p_ZLbCbR-8lE3P\" class=\"zfr3Q TYR86d\" style=\"text-align: justify;\">Ropa de cambio, en especial, calzado y calcetines (llevar en una bolsa aparte).<\/li>\n<li id=\"h.p_Qcb3XrW4lE3Q\" class=\"zfr3Q TYR86d\" style=\"text-align: justify;\">En invierno no olvidar ropa adecuada: guantes, gorro y a veces, polainas.<\/li>\n<li id=\"h.p_bOmotzRIlE3S\" class=\"zfr3Q TYR86d\" style=\"text-align: justify;\">Los adultos acompa\u00f1antes no disponen de seguro, por lo que os recomendamos tramitarlo. Si quer\u00e9is <a href=\"https:\/\/urdaburu.eus\/es\/federate\/\">m\u00e1s informaci\u00f3n<\/a> pod\u00e9is poneros en contacto con nosotros.<\/li>\n<\/ul>\n<\/div>\n\n\n\n<div class=\"wp-block-column\" style=\"flex-basis:5%\"><\/div>\n\n\n\n<div class=\"wp-block-column\" style=\"flex-basis:25%\">\n<div id=\"secondary\" style=\"width:max-content;float:none\">\n<aside class=\"widget widget_categories clearfix\">\n        <h4 class=\"widget-title\"><span>Escolares<\/span><\/h4>\n        <ul>\n            <li class=\"cat-item\"><a href=\"https:\/\/urdaburu.eus\/eskolartekoak\/\">Introducci\u00f3n<\/a>\n            <\/li>\n            <li class=\"cat-item\"><a href=\"https:\/\/urdaburu.eus\/eskolartekoak-hasierak\/\">Historia<\/a>\n            <\/li>\n        <\/ul>\n    <\/aside>\n    <aside class=\"widget widget_categories clearfix\">\n        <h4 class=\"widget-title\"><span>Orereta Ikastola<\/span><\/h4>\n        <ul>\n            <li class=\"cat-item\"><a href=\"https:\/\/urdaburu.eus\/eskolartekoak-orereta-ikastola\/\">Colaboraci\u00f3n<\/a>\n            <\/li>\n <li class=\"cat-item\"><a href=\"https:\/\/urdaburu.eus\/eskolartekoak-araudia\/\">Normas<\/a>\n            <\/li>\n            <li class=\"cat-item\"><a href=\"https:\/\/urdaburu.eus\/es\/escolares-calendario-2024-25\/\">Calendario<\/a>\n            <\/li>\n<li class=\"cat-item\"><a href=\"https:\/\/www.flickr.com\/photos\/195341817@N02\/collections\/72157721050614642\/\" target=\"_blank\" rel=\"noopener\">Fotograf\u00edas<\/a>\n            <\/li>\n            <li class=\"cat-item\"><a href=\"https:\/\/urdaburu.eus\/es\/eskolartekoak-monitors-2\/\">Monitores\/as<\/a>\n            <\/li>\n        <\/ul>\n    <\/aside>\n<\/div>\n<\/div>\n<\/div>\n","protected":false},"excerpt":{"rendered":"<p>OBLIGATORIO: Hay que realizar la inscripci\u00f3n en cada salida, en la web de la Ikastola, en la secci\u00f3n MENDI IRTEERAK de Eskola Kirola:&nbsp;https:\/\/sites.google.com\/oreretaikastola.net\/eskola-kirola\/mendi-irteerak\/izen-ematea. Ah\u00ed encontrar\u00e9is<\/p>\n","protected":false},"author":2,"featured_media":0,"parent":0,"menu_order":0,"comment_status":"closed","ping_status":"closed","template":"","meta":[],"yoast_head":"<!-- This site is optimized with the Yoast SEO plugin v19.1 - https:\/\/yoast.com\/wordpress\/plugins\/seo\/ -->\n<title>Escolares: normas - Urdaburu<\/title>\n<meta name=\"robots\" content=\"index, follow, max-snippet:-1, max-image-preview:large, max-video-preview:-1\" \/>\n<link rel=\"canonical\" href=\"https:\/\/urdaburu.eus\/es\/escolares-normas\/\" \/>\n<meta property=\"og:locale\" content=\"es_ES\" \/>\n<meta property=\"og:type\" content=\"article\" \/>\n<meta property=\"og:title\" content=\"Escolares: normas - Urdaburu\" \/>\n<meta property=\"og:description\" content=\"OBLIGATORIO: Hay que realizar la inscripci\u00f3n en cada salida, en la web de la Ikastola, en la secci\u00f3n MENDI IRTEERAK de Eskola Kirola:&nbsp;https:\/\/sites.google.com\/oreretaikastola.net\/eskola-kirola\/mendi-irteerak\/izen-ematea. Ah\u00ed encontrar\u00e9is\" \/>\n<meta property=\"og:url\" content=\"https:\/\/urdaburu.eus\/es\/escolares-normas\/\" \/>\n<meta property=\"og:site_name\" content=\"Urdaburu\" \/>\n<meta property=\"article:modified_time\" content=\"2024-10-22T20:30:54+00:00\" \/>\n<meta name=\"twitter:card\" content=\"summary_large_image\" \/>\n<meta name=\"twitter:label1\" content=\"Est. reading time\" \/>\n\t<meta name=\"twitter:data1\" content=\"2 minutos\" \/>\n<script type=\"application\/ld+json\" class=\"yoast-schema-graph\">{\"@context\":\"https:\/\/schema.org\",\"@graph\":[{\"@type\":\"WebSite\",\"@id\":\"https:\/\/urdaburu.eus\/#website\",\"url\":\"https:\/\/urdaburu.eus\/\",\"name\":\"Urdaburu\",\"description\":\"Grupo de Monta\u00f1a \",\"potentialAction\":[{\"@type\":\"SearchAction\",\"target\":{\"@type\":\"EntryPoint\",\"urlTemplate\":\"https:\/\/urdaburu.eus\/?s={search_term_string}\"},\"query-input\":\"required name=search_term_string\"}],\"inLanguage\":\"es\"},{\"@type\":\"WebPage\",\"@id\":\"https:\/\/urdaburu.eus\/es\/escolares-normas\/#webpage\",\"url\":\"https:\/\/urdaburu.eus\/es\/escolares-normas\/\",\"name\":\"Escolares: normas - Urdaburu\",\"isPartOf\":{\"@id\":\"https:\/\/urdaburu.eus\/#website\"},\"datePublished\":\"2019-03-18T18:58:44+00:00\",\"dateModified\":\"2024-10-22T20:30:54+00:00\",\"breadcrumb\":{\"@id\":\"https:\/\/urdaburu.eus\/es\/escolares-normas\/#breadcrumb\"},\"inLanguage\":\"es\",\"potentialAction\":[{\"@type\":\"ReadAction\",\"target\":[\"https:\/\/urdaburu.eus\/es\/escolares-normas\/\"]}]},{\"@type\":\"BreadcrumbList\",\"@id\":\"https:\/\/urdaburu.eus\/es\/escolares-normas\/#breadcrumb\",\"itemListElement\":[{\"@type\":\"ListItem\",\"position\":1,\"name\":\"Home\",\"item\":\"https:\/\/urdaburu.eus\/es\/\"},{\"@type\":\"ListItem\",\"position\":2,\"name\":\"Escolares: normas\"}]}]}<\/script>\n<!-- \/ Yoast SEO plugin. -->","yoast_head_json":{"title":"Escolares: normas - Urdaburu","robots":{"index":"index","follow":"follow","max-snippet":"max-snippet:-1","max-image-preview":"max-image-preview:large","max-video-preview":"max-video-preview:-1"},"canonical":"https:\/\/urdaburu.eus\/es\/escolares-normas\/","og_locale":"es_ES","og_type":"article","og_title":"Escolares: normas - Urdaburu","og_description":"OBLIGATORIO: Hay que realizar la inscripci\u00f3n en cada salida, en la web de la Ikastola, en la secci\u00f3n MENDI IRTEERAK de Eskola Kirola:&nbsp;https:\/\/sites.google.com\/oreretaikastola.net\/eskola-kirola\/mendi-irteerak\/izen-ematea. Ah\u00ed encontrar\u00e9is","og_url":"https:\/\/urdaburu.eus\/es\/escolares-normas\/","og_site_name":"Urdaburu","article_modified_time":"2024-10-22T20:30:54+00:00","twitter_card":"summary_large_image","twitter_misc":{"Est. reading time":"2 minutos"},"schema":{"@context":"https:\/\/schema.org","@graph":[{"@type":"WebSite","@id":"https:\/\/urdaburu.eus\/#website","url":"https:\/\/urdaburu.eus\/","name":"Urdaburu","description":"Grupo de Monta\u00f1a ","potentialAction":[{"@type":"SearchAction","target":{"@type":"EntryPoint","urlTemplate":"https:\/\/urdaburu.eus\/?s={search_term_string}"},"query-input":"required name=search_term_string"}],"inLanguage":"es"},{"@type":"WebPage","@id":"https:\/\/urdaburu.eus\/es\/escolares-normas\/#webpage","url":"https:\/\/urdaburu.eus\/es\/escolares-normas\/","name":"Escolares: normas - Urdaburu","isPartOf":{"@id":"https:\/\/urdaburu.eus\/#website"},"datePublished":"2019-03-18T18:58:44+00:00","dateModified":"2024-10-22T20:30:54+00:00","breadcrumb":{"@id":"https:\/\/urdaburu.eus\/es\/escolares-normas\/#breadcrumb"},"inLanguage":"es","potentialAction":[{"@type":"ReadAction","target":["https:\/\/urdaburu.eus\/es\/escolares-normas\/"]}]},{"@type":"BreadcrumbList","@id":"https:\/\/urdaburu.eus\/es\/escolares-normas\/#breadcrumb","itemListElement":[{"@type":"ListItem","position":1,"name":"Home","item":"https:\/\/urdaburu.eus\/es\/"},{"@type":"ListItem","position":2,"name":"Escolares: normas"}]}]}},"_links":{"self":[{"href":"https:\/\/urdaburu.eus\/es\/wp-json\/wp\/v2\/pages\/1249"}],"collection":[{"href":"https:\/\/urdaburu.eus\/es\/wp-json\/wp\/v2\/pages"}],"about":[{"href":"https:\/\/urdaburu.eus\/es\/wp-json\/wp\/v2\/types\/page"}],"author":[{"embeddable":true,"href":"https:\/\/urdaburu.eus\/es\/wp-json\/wp\/v2\/users\/2"}],"replies":[{"embeddable":true,"href":"https:\/\/urdaburu.eus\/es\/wp-json\/wp\/v2\/comments?post=1249"}],"version-history":[{"count":10,"href":"https:\/\/urdaburu.eus\/es\/wp-json\/wp\/v2\/pages\/1249\/revisions"}],"predecessor-version":[{"id":6696,"href":"https:\/\/urdaburu.eus\/es\/wp-json\/wp\/v2\/pages\/1249\/revisions\/6696"}],"wp:attachment":[{"href":"https:\/\/urdaburu.eus\/es\/wp-json\/wp\/v2\/media?parent=1249"}],"curies":[{"name":"wp","href":"https:\/\/api.w.org\/{rel}","templated":true}]}}