{"id":1937,"date":"2020-02-11T22:04:22","date_gmt":"2020-02-11T21:04:22","guid":{"rendered":"http:\/\/urdaburu.eus\/?page_id=1937"},"modified":"2021-11-10T17:33:54","modified_gmt":"2021-11-10T16:33:54","slug":"escolares-calendario-2019-20","status":"publish","type":"page","link":"https:\/\/urdaburu.eus\/es\/escolares-calendario-2019-20\/","title":{"rendered":"Escolares: calendario 2019-20"},"content":{"rendered":"\n<div class=\"wp-block-columns\">\n<div class=\"wp-block-column\" style=\"flex-basis:66.66%\">\n<p>GIPUZKOAKO TONTORRAK<\/p>\n<table>\n<tbody>\n<tr>\n<th>Etapa<\/th>\n<th>Fecha<\/th>\n<th>Puntos<\/th>\n<th>Todo el d\u00eda<\/th>\n<th>Acompa\u00f1antes<\/th>\n<\/tr>\n<tr>\n<td>Donostia<\/td>\n<td>Setiembre 29<\/td>\n<td>2<\/td>\n<td>NO<\/td>\n<td>EZ<\/td>\n<\/tr>\n<tr>\n<td>D\u00eda del escolar (2018-2019 Premios concurso fotograf\u00eda)<\/td>\n<td>Octubre 23<\/td>\n<\/tr>\n<tr>\n<td>D\u00eda del finalista: Azkoitia<\/td>\n<td>Octubre 20<\/td>\n<td>1<\/td>\n<td>NO<\/td>\n<td>SI<\/td>\n<\/tr>\n<tr>\n<td>Bianditz-Izu<\/td>\n<td>Noviembre 10<\/td>\n<td>2<\/td>\n<td>SI<\/td>\n<td>SI<\/td>\n<\/tr>\n<tr>\n<td>Urdaburu Eguna<\/td>\n<td>Noviembre 24<\/td>\n<td>2<\/td>\n<td>NO<\/td>\n<td>SI<\/td>\n<\/tr>\n<tr>\n<td>Mendaur<\/td>\n<td>Diciembre 15<\/td>\n<td>2<\/td>\n<td>NO<\/td>\n<td>NO<\/td>\n<\/tr>\n<tr>\n<td>Larrun<\/td>\n<td>Enero 12<\/td>\n<td>2<\/td>\n<td>NO<\/td>\n<td>SI<\/td>\n<\/tr>\n<tr>\n<td>Udalaitz<\/td>\n<td>Febrero 9<\/td>\n<td>2<\/td>\n<td>NO<\/td>\n<td>SI<\/td>\n<\/tr>\n<tr>\n<td>Marcha regulada: Lezo<\/td>\n<td>Marzo 15<\/td>\n<td>2<\/td>\n<td>NO<\/td>\n<td>NO<\/td>\n<\/tr>\n<tr>\n<td>Orientaci\u00f3n: Andatza<\/td>\n<td>Marzo 29<\/td>\n<td>1<\/td>\n<td>NO<\/td>\n<td>SI<\/td>\n<\/tr>\n<tr>\n<td>Larrunarri<\/td>\n<td>Abril 26<\/td>\n<td>3<\/td>\n<td>SI<\/td>\n<td>SI<\/td>\n<\/tr>\n<tr>\n<td>Fin de semana final temporada<\/td>\n<td>Mayo<\/td>\n<td>&nbsp;<\/td>\n<td>SI (2)<\/td>\n<td>NO<\/td>\n<\/tr>\n<\/tbody>\n<\/table>\n<p>Para conseguir una medalla, a lo largo del curso se han de conseguir 13 puntos.<\/p>\n<\/div>\n\n\n\n<div class=\"wp-block-column\" style=\"flex-basis:33.33%\">\n<div id=\"secondary\">\n<aside class=\"widget widget_categories clearfix\">\n        <h4 class=\"widget-title\"><span>Escolares<\/span><\/h4>\n        <ul>\n            <li class=\"cat-item\"><a href=\"https:\/\/urdaburu.eus\/eskolartekoak\/\">Introduccion<\/a>\n            <\/li>\n            <li class=\"cat-item\"><a href=\"https:\/\/urdaburu.eus\/eskolartekoak\/\">Historia<\/a>\n            <\/li>\n        <\/ul>\n    <\/aside>\n    <aside class=\"widget widget_categories clearfix\">\n        <h4 class=\"widget-title\"><span>Orereta Ikastola<\/span><\/h4>\n        <ul>\n            <li class=\"cat-item\"><a href=\"https:\/\/urdaburu.eus\/eskolartekoak-orereta-ikastola\/\">Colaboraci\u00f3n<\/a>\n            <\/li>\n <li class=\"cat-item\"><a href=\"https:\/\/urdaburu.eus\/eskolartekoak-araudia\/\">Normas<\/a>\n            <\/li>\n            <li class=\"cat-item\"><a href=\"https:\/\/urdaburu.eus\/eskolartekoak-2021-22-egutegia\/\">Calendario 21-22<\/a>\n            <\/li>\n            <li class=\"cat-item\"><a href=\"https:\/\/urdaburu.eus\/eskolartekoak-2019-20-egutegia\/\">Calendario 19-20<\/a>\n            <\/li>\n            <li class=\"cat-item\"><a href=\"https:\/\/urdaburu.eus\/eskolartekoak-2018-19-egutegia\/\">Calendario 18-19<\/a>\n            <\/li>\n            <li class=\"cat-item\"><a href=\"https:\/\/urdaburu.eus\/es\/eskolartekoak-monitors-2\/\">Monitores\/as<\/a>\n            <\/li>\n        <\/ul>\n    <\/aside>\n<\/div>\n<\/div>\n<\/div>\n","protected":false},"excerpt":{"rendered":"<p>GIPUZKOAKO TONTORRAK Etapa Fecha Puntos Todo el d\u00eda Acompa\u00f1antes Donostia Setiembre 29 2 NO EZ D\u00eda del escolar (2018-2019 Premios concurso fotograf\u00eda) Octubre 23 D\u00eda<\/p>\n","protected":false},"author":2,"featured_media":0,"parent":0,"menu_order":0,"comment_status":"closed","ping_status":"closed","template":"","meta":[],"yoast_head":"<!-- This site is optimized with the Yoast SEO plugin v19.1 - https:\/\/yoast.com\/wordpress\/plugins\/seo\/ -->\n<title>Escolares: calendario 2019-20 - Urdaburu<\/title>\n<meta name=\"robots\" content=\"index, follow, max-snippet:-1, max-image-preview:large, max-video-preview:-1\" \/>\n<link rel=\"canonical\" href=\"https:\/\/urdaburu.eus\/es\/escolares-calendario-2019-20\/\" \/>\n<meta property=\"og:locale\" content=\"es_ES\" \/>\n<meta property=\"og:type\" content=\"article\" \/>\n<meta property=\"og:title\" content=\"Escolares: calendario 2019-20 - Urdaburu\" \/>\n<meta property=\"og:description\" content=\"GIPUZKOAKO TONTORRAK Etapa Fecha Puntos Todo el d\u00eda Acompa\u00f1antes Donostia Setiembre 29 2 NO EZ D\u00eda del escolar (2018-2019 Premios concurso fotograf\u00eda) Octubre 23 D\u00eda\" \/>\n<meta property=\"og:url\" content=\"https:\/\/urdaburu.eus\/es\/escolares-calendario-2019-20\/\" \/>\n<meta property=\"og:site_name\" content=\"Urdaburu\" \/>\n<meta property=\"article:modified_time\" content=\"2021-11-10T16:33:54+00:00\" \/>\n<meta name=\"twitter:card\" content=\"summary_large_image\" \/>\n<meta name=\"twitter:label1\" content=\"Est. reading time\" \/>\n\t<meta name=\"twitter:data1\" content=\"1 minuto\" \/>\n<script type=\"application\/ld+json\" class=\"yoast-schema-graph\">{\"@context\":\"https:\/\/schema.org\",\"@graph\":[{\"@type\":\"WebSite\",\"@id\":\"https:\/\/urdaburu.eus\/#website\",\"url\":\"https:\/\/urdaburu.eus\/\",\"name\":\"Urdaburu\",\"description\":\"Grupo de Monta\u00f1a \",\"potentialAction\":[{\"@type\":\"SearchAction\",\"target\":{\"@type\":\"EntryPoint\",\"urlTemplate\":\"https:\/\/urdaburu.eus\/?s={search_term_string}\"},\"query-input\":\"required name=search_term_string\"}],\"inLanguage\":\"es\"},{\"@type\":\"WebPage\",\"@id\":\"https:\/\/urdaburu.eus\/es\/escolares-calendario-2019-20\/#webpage\",\"url\":\"https:\/\/urdaburu.eus\/es\/escolares-calendario-2019-20\/\",\"name\":\"Escolares: calendario 2019-20 - Urdaburu\",\"isPartOf\":{\"@id\":\"https:\/\/urdaburu.eus\/#website\"},\"datePublished\":\"2020-02-11T21:04:22+00:00\",\"dateModified\":\"2021-11-10T16:33:54+00:00\",\"breadcrumb\":{\"@id\":\"https:\/\/urdaburu.eus\/es\/escolares-calendario-2019-20\/#breadcrumb\"},\"inLanguage\":\"es\",\"potentialAction\":[{\"@type\":\"ReadAction\",\"target\":[\"https:\/\/urdaburu.eus\/es\/escolares-calendario-2019-20\/\"]}]},{\"@type\":\"BreadcrumbList\",\"@id\":\"https:\/\/urdaburu.eus\/es\/escolares-calendario-2019-20\/#breadcrumb\",\"itemListElement\":[{\"@type\":\"ListItem\",\"position\":1,\"name\":\"Home\",\"item\":\"https:\/\/urdaburu.eus\/es\/\"},{\"@type\":\"ListItem\",\"position\":2,\"name\":\"Escolares: calendario 2019-20\"}]}]}<\/script>\n<!-- \/ Yoast SEO plugin. -->","yoast_head_json":{"title":"Escolares: calendario 2019-20 - Urdaburu","robots":{"index":"index","follow":"follow","max-snippet":"max-snippet:-1","max-image-preview":"max-image-preview:large","max-video-preview":"max-video-preview:-1"},"canonical":"https:\/\/urdaburu.eus\/es\/escolares-calendario-2019-20\/","og_locale":"es_ES","og_type":"article","og_title":"Escolares: calendario 2019-20 - Urdaburu","og_description":"GIPUZKOAKO TONTORRAK Etapa Fecha Puntos Todo el d\u00eda Acompa\u00f1antes Donostia Setiembre 29 2 NO EZ D\u00eda del escolar (2018-2019 Premios concurso fotograf\u00eda) Octubre 23 D\u00eda","og_url":"https:\/\/urdaburu.eus\/es\/escolares-calendario-2019-20\/","og_site_name":"Urdaburu","article_modified_time":"2021-11-10T16:33:54+00:00","twitter_card":"summary_large_image","twitter_misc":{"Est. reading time":"1 minuto"},"schema":{"@context":"https:\/\/schema.org","@graph":[{"@type":"WebSite","@id":"https:\/\/urdaburu.eus\/#website","url":"https:\/\/urdaburu.eus\/","name":"Urdaburu","description":"Grupo de Monta\u00f1a ","potentialAction":[{"@type":"SearchAction","target":{"@type":"EntryPoint","urlTemplate":"https:\/\/urdaburu.eus\/?s={search_term_string}"},"query-input":"required name=search_term_string"}],"inLanguage":"es"},{"@type":"WebPage","@id":"https:\/\/urdaburu.eus\/es\/escolares-calendario-2019-20\/#webpage","url":"https:\/\/urdaburu.eus\/es\/escolares-calendario-2019-20\/","name":"Escolares: calendario 2019-20 - Urdaburu","isPartOf":{"@id":"https:\/\/urdaburu.eus\/#website"},"datePublished":"2020-02-11T21:04:22+00:00","dateModified":"2021-11-10T16:33:54+00:00","breadcrumb":{"@id":"https:\/\/urdaburu.eus\/es\/escolares-calendario-2019-20\/#breadcrumb"},"inLanguage":"es","potentialAction":[{"@type":"ReadAction","target":["https:\/\/urdaburu.eus\/es\/escolares-calendario-2019-20\/"]}]},{"@type":"BreadcrumbList","@id":"https:\/\/urdaburu.eus\/es\/escolares-calendario-2019-20\/#breadcrumb","itemListElement":[{"@type":"ListItem","position":1,"name":"Home","item":"https:\/\/urdaburu.eus\/es\/"},{"@type":"ListItem","position":2,"name":"Escolares: calendario 2019-20"}]}]}},"_links":{"self":[{"href":"https:\/\/urdaburu.eus\/es\/wp-json\/wp\/v2\/pages\/1937"}],"collection":[{"href":"https:\/\/urdaburu.eus\/es\/wp-json\/wp\/v2\/pages"}],"about":[{"href":"https:\/\/urdaburu.eus\/es\/wp-json\/wp\/v2\/types\/page"}],"author":[{"embeddable":true,"href":"https:\/\/urdaburu.eus\/es\/wp-json\/wp\/v2\/users\/2"}],"replies":[{"embeddable":true,"href":"https:\/\/urdaburu.eus\/es\/wp-json\/wp\/v2\/comments?post=1937"}],"version-history":[{"count":3,"href":"https:\/\/urdaburu.eus\/es\/wp-json\/wp\/v2\/pages\/1937\/revisions"}],"predecessor-version":[{"id":3370,"href":"https:\/\/urdaburu.eus\/es\/wp-json\/wp\/v2\/pages\/1937\/revisions\/3370"}],"wp:attachment":[{"href":"https:\/\/urdaburu.eus\/es\/wp-json\/wp\/v2\/media?parent=1937"}],"curies":[{"name":"wp","href":"https:\/\/api.w.org\/{rel}","templated":true}]}}