{"id":2093,"date":"2020-12-05T02:21:52","date_gmt":"2020-12-05T01:21:52","guid":{"rendered":"http:\/\/urdaburu.eus\/?page_id=2093"},"modified":"2021-06-02T13:45:34","modified_gmt":"2021-06-02T12:45:34","slug":"certamen-fotografico","status":"publish","type":"page","link":"https:\/\/urdaburu.eus\/es\/certamen-fotografico\/","title":{"rendered":"Certamen fotogr\u00e1fico 2020"},"content":{"rendered":"<p>Premiados en el&nbsp;<span class=\"il\">Certamen<\/span>&nbsp;fotogr\u00e1fico de monta\u00f1a 2020 \u00abMemorial Jesus Hospitaler\u00bb<\/p>\n<p><!--more--><\/p>\n<div>&nbsp;<\/div>\n\n\n<div class=\"wp-block-media-text alignwide is-stacked-on-mobile\"><figure class=\"wp-block-media-text__media\"><img loading=\"lazy\" width=\"1024\" height=\"473\" src=\"\/app\/uploads\/2020\/12\/1-Artikutza-1024x473.jpg\" alt=\"\" class=\"wp-image-2364 size-full\" srcset=\"\/app\/uploads\/2020\/12\/1-Artikutza-1024x473.jpg 1024w, \/app\/uploads\/2020\/12\/1-Artikutza-300x139.jpg 300w, \/app\/uploads\/2020\/12\/1-Artikutza-768x355.jpg 768w, \/app\/uploads\/2020\/12\/1-Artikutza-1536x709.jpg 1536w, \/app\/uploads\/2020\/12\/1-Artikutza-2048x946.jpg 2048w\" sizes=\"(max-width: 1024px) 100vw, 1024px\" \/><\/figure><div class=\"wp-block-media-text__content\">\n<p style=\"font-size:24px\"><strong>1\u00ba premio<\/strong><\/p>\n\n\n\n<p class=\"has-medium-font-size\">Jon Unzueta,  \u00abArtikutza\u00bb<\/p>\n<\/div><\/div>\n\n\n\n<br><hr><br>\n\n\n\n<div class=\"wp-block-media-text alignwide has-media-on-the-right is-stacked-on-mobile\"><figure class=\"wp-block-media-text__media\"><img loading=\"lazy\" width=\"1024\" height=\"683\" src=\"\/app\/uploads\/2020\/12\/2-Ametsetan-1024x683.jpg\" alt=\"\" class=\"wp-image-2366 size-full\" srcset=\"\/app\/uploads\/2020\/12\/2-Ametsetan-1024x683.jpg 1024w, \/app\/uploads\/2020\/12\/2-Ametsetan-300x200.jpg 300w, \/app\/uploads\/2020\/12\/2-Ametsetan-768x512.jpg 768w, \/app\/uploads\/2020\/12\/2-Ametsetan-1536x1024.jpg 1536w, \/app\/uploads\/2020\/12\/2-Ametsetan-2048x1365.jpg 2048w\" sizes=\"(max-width: 1024px) 100vw, 1024px\" \/><\/figure><div class=\"wp-block-media-text__content\">\n<p style=\"font-size:24px\"><strong>2\u00ba premio<\/strong>&nbsp; <\/p>\n\n\n\n<p class=\"has-medium-font-size\">Manu Matas,  \u00abAmetsetan\u00bb<\/p>\n<\/div><\/div>\n\n\n\n<br><hr><br>\n\n\n\n<div class=\"wp-block-media-text alignwide is-stacked-on-mobile\"><figure class=\"wp-block-media-text__media\"><img loading=\"lazy\" width=\"1024\" height=\"768\" src=\"\/app\/uploads\/2020\/12\/3-Laino-artean-1024x768.jpg\" alt=\"\" class=\"wp-image-2368 size-full\" srcset=\"\/app\/uploads\/2020\/12\/3-Laino-artean-1024x768.jpg 1024w, \/app\/uploads\/2020\/12\/3-Laino-artean-300x225.jpg 300w, \/app\/uploads\/2020\/12\/3-Laino-artean-768x576.jpg 768w, \/app\/uploads\/2020\/12\/3-Laino-artean-1536x1152.jpg 1536w, \/app\/uploads\/2020\/12\/3-Laino-artean-2048x1536.jpg 2048w\" sizes=\"(max-width: 1024px) 100vw, 1024px\" \/><\/figure><div class=\"wp-block-media-text__content\">\n<p style=\"font-size:24px\"><strong>3er premio<\/strong>&nbsp; <\/p>\n\n\n\n<p class=\"has-medium-font-size\">Joxe Ramon Fernandez, \u00abLaino artean\u00bb<\/p>\n<\/div><\/div>\n\n\n\n<br><hr><br>\n\n\n\n<hr class=\"wp-block-separator\"\/>\n\n\n\n<p>          <\/p>\n\n\n\n<div class=\"wp-block-columns\">\n<div class=\"wp-block-column\" style=\"flex-basis:50%\">\n<p><strong><strong>Mejor clasificada\/o entre las\/os socia\/os de Urdaburu M.E.<\/strong><\/strong>:<\/p>\n\n\n\n<p>Carlon Bayon. Barranco de Luna<\/p>\n\n\n\n<figure class=\"wp-block-image size-large\"><img loading=\"lazy\" width=\"1024\" height=\"683\" src=\"\/app\/uploads\/2020\/12\/UME-Barranco-de-Luna-1024x683.jpg\" alt=\"\" class=\"wp-image-2380\" srcset=\"\/app\/uploads\/2020\/12\/UME-Barranco-de-Luna-1024x683.jpg 1024w, \/app\/uploads\/2020\/12\/UME-Barranco-de-Luna-300x200.jpg 300w, \/app\/uploads\/2020\/12\/UME-Barranco-de-Luna-768x512.jpg 768w, \/app\/uploads\/2020\/12\/UME-Barranco-de-Luna-1536x1024.jpg 1536w, \/app\/uploads\/2020\/12\/UME-Barranco-de-Luna-2048x1365.jpg 2048w\" sizes=\"(max-width: 1024px) 100vw, 1024px\" \/><\/figure>\n<\/div>\n\n\n\n<div class=\"wp-block-column\" style=\"flex-basis:50%\">\n<p><strong>Mejor clasificada\/o en las actividades organizadas por Urdaburu M.E.<\/strong>:<\/p>\n\n\n\n<p>Mari Mar Lopez \u00abSaliendo del tunel\u00bb<\/p>\n\n\n\n<figure class=\"wp-block-image size-large is-resized\"><img loading=\"lazy\" src=\"\/app\/uploads\/2020\/12\/UME-Saliendo-del-tunel-1024x768.jpg\" alt=\"\" class=\"wp-image-2382\" width=\"498\" height=\"373\" srcset=\"\/app\/uploads\/2020\/12\/UME-Saliendo-del-tunel-1024x768.jpg 1024w, \/app\/uploads\/2020\/12\/UME-Saliendo-del-tunel-300x225.jpg 300w, \/app\/uploads\/2020\/12\/UME-Saliendo-del-tunel-768x576.jpg 768w, \/app\/uploads\/2020\/12\/UME-Saliendo-del-tunel-1536x1152.jpg 1536w, \/app\/uploads\/2020\/12\/UME-Saliendo-del-tunel-2048x1536.jpg 2048w\" sizes=\"(max-width: 498px) 100vw, 498px\" \/><\/figure>\n<\/div>\n<\/div>\n\n\n\n<br><hr><br>\n\n\n\n<p><strong>Los\/as que han obtenido el accesit:<\/strong><br>Enrique Villafranca, con la foto \u00abParador Sta. Barbara\u00bb<br>Juan Lasarte, con la foto \u00abDesplome 2\u00bb<br>Alejandro Gracia, con la foto \u00abItzalaren atzetik\u00bb<br>Garazi Zubizarreta, con la foto \u00abErnio\u00bb<br>Aitor Ibarguren, con la foto \u00abLaino guztien gainetik\u00bb<\/p>\n\n\n\n<div class=\"wp-block-columns\">\n<div class=\"wp-block-column\" style=\"flex-basis:20%\">\n<figure class=\"wp-block-image size-large\"><img loading=\"lazy\" width=\"1024\" height=\"768\" src=\"\/app\/uploads\/2020\/12\/Accesit-Desplome2-1024x768.jpg\" alt=\"\" class=\"wp-image-2370\" srcset=\"\/app\/uploads\/2020\/12\/Accesit-Desplome2-1024x768.jpg 1024w, \/app\/uploads\/2020\/12\/Accesit-Desplome2-300x225.jpg 300w, \/app\/uploads\/2020\/12\/Accesit-Desplome2-768x576.jpg 768w, \/app\/uploads\/2020\/12\/Accesit-Desplome2-1536x1152.jpg 1536w, \/app\/uploads\/2020\/12\/Accesit-Desplome2-2048x1536.jpg 2048w\" sizes=\"(max-width: 1024px) 100vw, 1024px\" \/><figcaption>Juan Lasarte, \u201cDesplome 2\u201d<\/figcaption><\/figure>\n<\/div>\n\n\n\n<div class=\"wp-block-column\" style=\"flex-basis:20%\">\n<figure class=\"wp-block-image size-large\"><img loading=\"lazy\" width=\"768\" height=\"1024\" src=\"\/app\/uploads\/2020\/12\/Accesit-Laino-guztien-gainetik-scaled-e1608833729213-768x1024.jpg\" alt=\"\" class=\"wp-image-2376\" srcset=\"\/app\/uploads\/2020\/12\/Accesit-Laino-guztien-gainetik-scaled-e1608833729213-768x1024.jpg 768w, \/app\/uploads\/2020\/12\/Accesit-Laino-guztien-gainetik-scaled-e1608833729213-225x300.jpg 225w, \/app\/uploads\/2020\/12\/Accesit-Laino-guztien-gainetik-scaled-e1608833729213-1152x1536.jpg 1152w, \/app\/uploads\/2020\/12\/Accesit-Laino-guztien-gainetik-scaled-e1608833729213-1536x2048.jpg 1536w, \/app\/uploads\/2020\/12\/Accesit-Laino-guztien-gainetik-scaled-e1608833729213.jpg 1920w\" sizes=\"(max-width: 768px) 100vw, 768px\" \/><figcaption>Aitor Ibarguren, \u201cLaino guztien gainetik\u201d<\/figcaption><\/figure>\n<\/div>\n\n\n\n<div class=\"wp-block-column\" style=\"flex-basis:20%\">\n<figure class=\"wp-block-image size-large\"><img loading=\"lazy\" width=\"1024\" height=\"576\" src=\"\/app\/uploads\/2020\/12\/Accesit-Parador-Sta-Barbara-1024x576.jpg\" alt=\"\" class=\"wp-image-2378\" srcset=\"\/app\/uploads\/2020\/12\/Accesit-Parador-Sta-Barbara-1024x576.jpg 1024w, \/app\/uploads\/2020\/12\/Accesit-Parador-Sta-Barbara-300x169.jpg 300w, \/app\/uploads\/2020\/12\/Accesit-Parador-Sta-Barbara-768x432.jpg 768w, \/app\/uploads\/2020\/12\/Accesit-Parador-Sta-Barbara-1536x864.jpg 1536w, \/app\/uploads\/2020\/12\/Accesit-Parador-Sta-Barbara-2048x1152.jpg 2048w\" sizes=\"(max-width: 1024px) 100vw, 1024px\" \/><figcaption>Enrique Villafranca, \u201cParador Sta. Barbara\u201d<\/figcaption><\/figure>\n<\/div>\n\n\n\n<div class=\"wp-block-column\" style=\"flex-basis:20%\">\n<figure class=\"wp-block-image size-large\"><img loading=\"lazy\" width=\"768\" height=\"1024\" src=\"\/app\/uploads\/2020\/12\/Accesit-Itzalaren-atzetik-scaled-e1608833767271-768x1024.jpg\" alt=\"\" class=\"wp-image-2374\" srcset=\"\/app\/uploads\/2020\/12\/Accesit-Itzalaren-atzetik-scaled-e1608833767271-768x1024.jpg 768w, \/app\/uploads\/2020\/12\/Accesit-Itzalaren-atzetik-scaled-e1608833767271-225x300.jpg 225w, \/app\/uploads\/2020\/12\/Accesit-Itzalaren-atzetik-scaled-e1608833767271-1152x1536.jpg 1152w, \/app\/uploads\/2020\/12\/Accesit-Itzalaren-atzetik-scaled-e1608833767271-1536x2048.jpg 1536w, \/app\/uploads\/2020\/12\/Accesit-Itzalaren-atzetik-scaled-e1608833767271.jpg 1920w\" sizes=\"(max-width: 768px) 100vw, 768px\" \/><figcaption>Alejandro Gracia, \u201cItzalaren atzetik\u201d<\/figcaption><\/figure>\n<\/div>\n\n\n\n<div class=\"wp-block-column\" style=\"flex-basis:20%\">\n<figure class=\"wp-block-image size-large\"><img loading=\"lazy\" width=\"1024\" height=\"768\" src=\"\/app\/uploads\/2020\/12\/Accesit-Ernio-1024x768.jpg\" alt=\"\" class=\"wp-image-2372\" srcset=\"\/app\/uploads\/2020\/12\/Accesit-Ernio-1024x768.jpg 1024w, \/app\/uploads\/2020\/12\/Accesit-Ernio-300x225.jpg 300w, \/app\/uploads\/2020\/12\/Accesit-Ernio-768x576.jpg 768w, \/app\/uploads\/2020\/12\/Accesit-Ernio-1536x1152.jpg 1536w, \/app\/uploads\/2020\/12\/Accesit-Ernio-2048x1536.jpg 2048w\" sizes=\"(max-width: 1024px) 100vw, 1024px\" \/><figcaption>Garazi Zubizarreta, \u201cErnio\u201d<\/figcaption><\/figure>\n\n\n\n<p><\/p>\n<\/div>\n<\/div>\n\n\n\n<br><hr><br>\nVideo resumen del certamen:\n<br><br>\n\n\n\n<figure class=\"wp-block-video\"><video controls src=\"\/app\/uploads\/2020\/12\/2020-Argazki-lehiaketa.mp4\"><\/video><\/figure>\n\n\n\n<p><\/p>\n","protected":false},"excerpt":{"rendered":"<p>Premiados en el&nbsp;Certamen&nbsp;fotogr\u00e1fico de monta\u00f1a 2020 \u00abMemorial Jesus Hospitaler\u00bb<\/p>\n","protected":false},"author":2,"featured_media":2088,"parent":0,"menu_order":0,"comment_status":"closed","ping_status":"closed","template":"","meta":[],"yoast_head":"<!-- This site is optimized with the Yoast SEO plugin v19.1 - https:\/\/yoast.com\/wordpress\/plugins\/seo\/ -->\n<title>Certamen fotogr\u00e1fico 2020 - Urdaburu<\/title>\n<meta name=\"robots\" content=\"index, follow, max-snippet:-1, max-image-preview:large, max-video-preview:-1\" \/>\n<link rel=\"canonical\" href=\"https:\/\/urdaburu.eus\/es\/certamen-fotografico\/\" \/>\n<meta property=\"og:locale\" content=\"es_ES\" \/>\n<meta property=\"og:type\" content=\"article\" \/>\n<meta property=\"og:title\" content=\"Certamen fotogr\u00e1fico 2020 - Urdaburu\" \/>\n<meta property=\"og:description\" content=\"Premiados en el&nbsp;Certamen&nbsp;fotogr\u00e1fico de monta\u00f1a 2020 \u00abMemorial Jesus Hospitaler\u00bb\" \/>\n<meta property=\"og:url\" content=\"https:\/\/urdaburu.eus\/es\/certamen-fotografico\/\" \/>\n<meta property=\"og:site_name\" content=\"Urdaburu\" \/>\n<meta property=\"article:modified_time\" content=\"2021-06-02T12:45:34+00:00\" \/>\n<meta property=\"og:image\" content=\"https:\/\/urdaburu.eus\/app\/uploads\/2020\/12\/2021_1_Saria_Ametsetan.jpg\" \/>\n\t<meta property=\"og:image:width\" content=\"1600\" \/>\n\t<meta property=\"og:image:height\" content=\"780\" \/>\n\t<meta property=\"og:image:type\" content=\"image\/jpeg\" \/>\n<meta name=\"twitter:card\" content=\"summary_large_image\" \/>\n<meta name=\"twitter:label1\" content=\"Est. reading time\" \/>\n\t<meta name=\"twitter:data1\" content=\"1 minuto\" \/>\n<script type=\"application\/ld+json\" class=\"yoast-schema-graph\">{\"@context\":\"https:\/\/schema.org\",\"@graph\":[{\"@type\":\"WebSite\",\"@id\":\"https:\/\/urdaburu.eus\/#website\",\"url\":\"https:\/\/urdaburu.eus\/\",\"name\":\"Urdaburu\",\"description\":\"Grupo de Monta\u00f1a \",\"potentialAction\":[{\"@type\":\"SearchAction\",\"target\":{\"@type\":\"EntryPoint\",\"urlTemplate\":\"https:\/\/urdaburu.eus\/?s={search_term_string}\"},\"query-input\":\"required name=search_term_string\"}],\"inLanguage\":\"es\"},{\"@type\":\"ImageObject\",\"inLanguage\":\"es\",\"@id\":\"https:\/\/urdaburu.eus\/es\/certamen-fotografico\/#primaryimage\",\"url\":\"\/app\/uploads\/2020\/12\/2021_1_Saria_Ametsetan.jpg\",\"contentUrl\":\"\/app\/uploads\/2020\/12\/2021_1_Saria_Ametsetan.jpg\",\"width\":1600,\"height\":780,\"caption\":\"2020 Mendiko argazki lehiaketa\"},{\"@type\":\"WebPage\",\"@id\":\"https:\/\/urdaburu.eus\/es\/certamen-fotografico\/#webpage\",\"url\":\"https:\/\/urdaburu.eus\/es\/certamen-fotografico\/\",\"name\":\"Certamen fotogr\u00e1fico 2020 - Urdaburu\",\"isPartOf\":{\"@id\":\"https:\/\/urdaburu.eus\/#website\"},\"primaryImageOfPage\":{\"@id\":\"https:\/\/urdaburu.eus\/es\/certamen-fotografico\/#primaryimage\"},\"datePublished\":\"2020-12-05T01:21:52+00:00\",\"dateModified\":\"2021-06-02T12:45:34+00:00\",\"breadcrumb\":{\"@id\":\"https:\/\/urdaburu.eus\/es\/certamen-fotografico\/#breadcrumb\"},\"inLanguage\":\"es\",\"potentialAction\":[{\"@type\":\"ReadAction\",\"target\":[\"https:\/\/urdaburu.eus\/es\/certamen-fotografico\/\"]}]},{\"@type\":\"BreadcrumbList\",\"@id\":\"https:\/\/urdaburu.eus\/es\/certamen-fotografico\/#breadcrumb\",\"itemListElement\":[{\"@type\":\"ListItem\",\"position\":1,\"name\":\"Home\",\"item\":\"https:\/\/urdaburu.eus\/es\/\"},{\"@type\":\"ListItem\",\"position\":2,\"name\":\"Certamen fotogr\u00e1fico 2020\"}]}]}<\/script>\n<!-- \/ Yoast SEO plugin. -->","yoast_head_json":{"title":"Certamen fotogr\u00e1fico 2020 - Urdaburu","robots":{"index":"index","follow":"follow","max-snippet":"max-snippet:-1","max-image-preview":"max-image-preview:large","max-video-preview":"max-video-preview:-1"},"canonical":"https:\/\/urdaburu.eus\/es\/certamen-fotografico\/","og_locale":"es_ES","og_type":"article","og_title":"Certamen fotogr\u00e1fico 2020 - Urdaburu","og_description":"Premiados en el&nbsp;Certamen&nbsp;fotogr\u00e1fico de monta\u00f1a 2020 \u00abMemorial Jesus Hospitaler\u00bb","og_url":"https:\/\/urdaburu.eus\/es\/certamen-fotografico\/","og_site_name":"Urdaburu","article_modified_time":"2021-06-02T12:45:34+00:00","og_image":[{"width":1600,"height":780,"url":"https:\/\/urdaburu.eus\/app\/uploads\/2020\/12\/2021_1_Saria_Ametsetan.jpg","type":"image\/jpeg"}],"twitter_card":"summary_large_image","twitter_misc":{"Est. reading time":"1 minuto"},"schema":{"@context":"https:\/\/schema.org","@graph":[{"@type":"WebSite","@id":"https:\/\/urdaburu.eus\/#website","url":"https:\/\/urdaburu.eus\/","name":"Urdaburu","description":"Grupo de Monta\u00f1a ","potentialAction":[{"@type":"SearchAction","target":{"@type":"EntryPoint","urlTemplate":"https:\/\/urdaburu.eus\/?s={search_term_string}"},"query-input":"required name=search_term_string"}],"inLanguage":"es"},{"@type":"ImageObject","inLanguage":"es","@id":"https:\/\/urdaburu.eus\/es\/certamen-fotografico\/#primaryimage","url":"\/app\/uploads\/2020\/12\/2021_1_Saria_Ametsetan.jpg","contentUrl":"\/app\/uploads\/2020\/12\/2021_1_Saria_Ametsetan.jpg","width":1600,"height":780,"caption":"2020 Mendiko argazki lehiaketa"},{"@type":"WebPage","@id":"https:\/\/urdaburu.eus\/es\/certamen-fotografico\/#webpage","url":"https:\/\/urdaburu.eus\/es\/certamen-fotografico\/","name":"Certamen fotogr\u00e1fico 2020 - Urdaburu","isPartOf":{"@id":"https:\/\/urdaburu.eus\/#website"},"primaryImageOfPage":{"@id":"https:\/\/urdaburu.eus\/es\/certamen-fotografico\/#primaryimage"},"datePublished":"2020-12-05T01:21:52+00:00","dateModified":"2021-06-02T12:45:34+00:00","breadcrumb":{"@id":"https:\/\/urdaburu.eus\/es\/certamen-fotografico\/#breadcrumb"},"inLanguage":"es","potentialAction":[{"@type":"ReadAction","target":["https:\/\/urdaburu.eus\/es\/certamen-fotografico\/"]}]},{"@type":"BreadcrumbList","@id":"https:\/\/urdaburu.eus\/es\/certamen-fotografico\/#breadcrumb","itemListElement":[{"@type":"ListItem","position":1,"name":"Home","item":"https:\/\/urdaburu.eus\/es\/"},{"@type":"ListItem","position":2,"name":"Certamen fotogr\u00e1fico 2020"}]}]}},"_links":{"self":[{"href":"https:\/\/urdaburu.eus\/es\/wp-json\/wp\/v2\/pages\/2093"}],"collection":[{"href":"https:\/\/urdaburu.eus\/es\/wp-json\/wp\/v2\/pages"}],"about":[{"href":"https:\/\/urdaburu.eus\/es\/wp-json\/wp\/v2\/types\/page"}],"author":[{"embeddable":true,"href":"https:\/\/urdaburu.eus\/es\/wp-json\/wp\/v2\/users\/2"}],"replies":[{"embeddable":true,"href":"https:\/\/urdaburu.eus\/es\/wp-json\/wp\/v2\/comments?post=2093"}],"version-history":[{"count":35,"href":"https:\/\/urdaburu.eus\/es\/wp-json\/wp\/v2\/pages\/2093\/revisions"}],"predecessor-version":[{"id":2524,"href":"https:\/\/urdaburu.eus\/es\/wp-json\/wp\/v2\/pages\/2093\/revisions\/2524"}],"wp:featuredmedia":[{"embeddable":true,"href":"https:\/\/urdaburu.eus\/es\/wp-json\/wp\/v2\/media\/2088"}],"wp:attachment":[{"href":"https:\/\/urdaburu.eus\/es\/wp-json\/wp\/v2\/media?parent=2093"}],"curies":[{"name":"wp","href":"https:\/\/api.w.org\/{rel}","templated":true}]}}