{"id":2140,"date":"2020-12-08T00:13:27","date_gmt":"2020-12-07T23:13:27","guid":{"rendered":"http:\/\/urdaburu.eus\/?page_id=2140"},"modified":"2023-12-04T19:43:39","modified_gmt":"2023-12-04T18:43:39","slug":"quienes-somos","status":"publish","type":"page","link":"https:\/\/urdaburu.eus\/es\/quienes-somos\/","title":{"rendered":"Qui\u00e9nes somos"},"content":{"rendered":"<p>Urdaburu Mendizale Elkartea es un grupo de monta\u00f1a\u00a0 que se fund\u00f3 el 13 de febrero de 1942. Haciendo frente a todas las adversidades de aquella \u00e9poca, un grupo de amigos y amigas ilusionadas con aquella idea puso en marcha la sociedad, poni\u00e9ndole el nombre de Urdaburu, por considerarla\u00a0 la \u00abmayor altitud de Errenteria\u00bb (598 metros). A lo largo de todos estos a\u00f1os los socios y socias hemos compartido una afici\u00f3n com\u00fan: la monta\u00f1a. Disfrutar practicando diferentes modalidades del deporte en la monta\u00f1a y descubriendo diferentes rincones. En la actualidad cuenta con cerca de 900 socios\/as.<\/p>\n<p>Valores como la solidaridad, la amistad o el respeto han prevalecido por encima del logro de coronar una cima, abrir una nueva v\u00eda o realizar una gran traves\u00eda en el medio natural que tanto amamos. Nuestra pretensi\u00f3n no es otra que conseguir evadirnos de la rutina diaria y oxigenar nuestra mente.<\/p>\n<p>La sede social se encuentra abierta los martes y los jueves de 19,30 a 21,00 , lugar en el que nos reunimos para charlar, preparar nuevos proyectos y en definitiva, disfrutar de un rato agradable.<\/p>\n<p><img loading=\"lazy\" class=\"alignnone size-full wp-image-3097\" src=\"\/app\/uploads\/2021\/06\/urdaburulogo2021_200.png\" alt=\"\" width=\"200\" height=\"212\" \/><\/p>\n","protected":false},"excerpt":{"rendered":"<p>Urdaburu Mendizale Elkartea es un grupo de monta\u00f1a\u00a0 que se fund\u00f3 el 13 de febrero de 1942. Haciendo frente a todas las adversidades de aquella<\/p>\n","protected":false},"author":2,"featured_media":3097,"parent":0,"menu_order":0,"comment_status":"closed","ping_status":"closed","template":"","meta":[],"yoast_head":"<!-- This site is optimized with the Yoast SEO plugin v19.1 - https:\/\/yoast.com\/wordpress\/plugins\/seo\/ -->\n<title>Qui\u00e9nes somos - Urdaburu<\/title>\n<meta name=\"robots\" content=\"index, follow, max-snippet:-1, max-image-preview:large, max-video-preview:-1\" \/>\n<link rel=\"canonical\" href=\"https:\/\/urdaburu.eus\/es\/quienes-somos\/\" \/>\n<meta property=\"og:locale\" content=\"es_ES\" \/>\n<meta property=\"og:type\" content=\"article\" \/>\n<meta property=\"og:title\" content=\"Qui\u00e9nes somos - Urdaburu\" \/>\n<meta property=\"og:description\" content=\"Urdaburu Mendizale Elkartea es un grupo de monta\u00f1a\u00a0 que se fund\u00f3 el 13 de febrero de 1942. Haciendo frente a todas las adversidades de aquella\" \/>\n<meta property=\"og:url\" content=\"https:\/\/urdaburu.eus\/es\/quienes-somos\/\" \/>\n<meta property=\"og:site_name\" content=\"Urdaburu\" \/>\n<meta property=\"article:modified_time\" content=\"2023-12-04T18:43:39+00:00\" \/>\n<meta property=\"og:image\" content=\"https:\/\/urdaburu.eus\/app\/uploads\/2021\/06\/urdaburulogo2021_200.png\" \/>\n\t<meta property=\"og:image:width\" content=\"200\" \/>\n\t<meta property=\"og:image:height\" content=\"212\" \/>\n\t<meta property=\"og:image:type\" content=\"image\/png\" \/>\n<meta name=\"twitter:card\" content=\"summary_large_image\" \/>\n<meta name=\"twitter:label1\" content=\"Est. reading time\" \/>\n\t<meta name=\"twitter:data1\" content=\"2 minutos\" \/>\n<script type=\"application\/ld+json\" class=\"yoast-schema-graph\">{\"@context\":\"https:\/\/schema.org\",\"@graph\":[{\"@type\":\"WebSite\",\"@id\":\"https:\/\/urdaburu.eus\/#website\",\"url\":\"https:\/\/urdaburu.eus\/\",\"name\":\"Urdaburu\",\"description\":\"Grupo de Monta\u00f1a \",\"potentialAction\":[{\"@type\":\"SearchAction\",\"target\":{\"@type\":\"EntryPoint\",\"urlTemplate\":\"https:\/\/urdaburu.eus\/?s={search_term_string}\"},\"query-input\":\"required name=search_term_string\"}],\"inLanguage\":\"es\"},{\"@type\":\"ImageObject\",\"inLanguage\":\"es\",\"@id\":\"https:\/\/urdaburu.eus\/es\/quienes-somos\/#primaryimage\",\"url\":\"\/app\/uploads\/2021\/06\/urdaburulogo2021_200.png\",\"contentUrl\":\"\/app\/uploads\/2021\/06\/urdaburulogo2021_200.png\",\"width\":200,\"height\":212},{\"@type\":\"WebPage\",\"@id\":\"https:\/\/urdaburu.eus\/es\/quienes-somos\/#webpage\",\"url\":\"https:\/\/urdaburu.eus\/es\/quienes-somos\/\",\"name\":\"Qui\u00e9nes somos - Urdaburu\",\"isPartOf\":{\"@id\":\"https:\/\/urdaburu.eus\/#website\"},\"primaryImageOfPage\":{\"@id\":\"https:\/\/urdaburu.eus\/es\/quienes-somos\/#primaryimage\"},\"datePublished\":\"2020-12-07T23:13:27+00:00\",\"dateModified\":\"2023-12-04T18:43:39+00:00\",\"breadcrumb\":{\"@id\":\"https:\/\/urdaburu.eus\/es\/quienes-somos\/#breadcrumb\"},\"inLanguage\":\"es\",\"potentialAction\":[{\"@type\":\"ReadAction\",\"target\":[\"https:\/\/urdaburu.eus\/es\/quienes-somos\/\"]}]},{\"@type\":\"BreadcrumbList\",\"@id\":\"https:\/\/urdaburu.eus\/es\/quienes-somos\/#breadcrumb\",\"itemListElement\":[{\"@type\":\"ListItem\",\"position\":1,\"name\":\"Home\",\"item\":\"https:\/\/urdaburu.eus\/es\/\"},{\"@type\":\"ListItem\",\"position\":2,\"name\":\"Qui\u00e9nes somos\"}]}]}<\/script>\n<!-- \/ Yoast SEO plugin. -->","yoast_head_json":{"title":"Qui\u00e9nes somos - Urdaburu","robots":{"index":"index","follow":"follow","max-snippet":"max-snippet:-1","max-image-preview":"max-image-preview:large","max-video-preview":"max-video-preview:-1"},"canonical":"https:\/\/urdaburu.eus\/es\/quienes-somos\/","og_locale":"es_ES","og_type":"article","og_title":"Qui\u00e9nes somos - Urdaburu","og_description":"Urdaburu Mendizale Elkartea es un grupo de monta\u00f1a\u00a0 que se fund\u00f3 el 13 de febrero de 1942. Haciendo frente a todas las adversidades de aquella","og_url":"https:\/\/urdaburu.eus\/es\/quienes-somos\/","og_site_name":"Urdaburu","article_modified_time":"2023-12-04T18:43:39+00:00","og_image":[{"width":200,"height":212,"url":"https:\/\/urdaburu.eus\/app\/uploads\/2021\/06\/urdaburulogo2021_200.png","type":"image\/png"}],"twitter_card":"summary_large_image","twitter_misc":{"Est. reading time":"2 minutos"},"schema":{"@context":"https:\/\/schema.org","@graph":[{"@type":"WebSite","@id":"https:\/\/urdaburu.eus\/#website","url":"https:\/\/urdaburu.eus\/","name":"Urdaburu","description":"Grupo de Monta\u00f1a ","potentialAction":[{"@type":"SearchAction","target":{"@type":"EntryPoint","urlTemplate":"https:\/\/urdaburu.eus\/?s={search_term_string}"},"query-input":"required name=search_term_string"}],"inLanguage":"es"},{"@type":"ImageObject","inLanguage":"es","@id":"https:\/\/urdaburu.eus\/es\/quienes-somos\/#primaryimage","url":"\/app\/uploads\/2021\/06\/urdaburulogo2021_200.png","contentUrl":"\/app\/uploads\/2021\/06\/urdaburulogo2021_200.png","width":200,"height":212},{"@type":"WebPage","@id":"https:\/\/urdaburu.eus\/es\/quienes-somos\/#webpage","url":"https:\/\/urdaburu.eus\/es\/quienes-somos\/","name":"Qui\u00e9nes somos - Urdaburu","isPartOf":{"@id":"https:\/\/urdaburu.eus\/#website"},"primaryImageOfPage":{"@id":"https:\/\/urdaburu.eus\/es\/quienes-somos\/#primaryimage"},"datePublished":"2020-12-07T23:13:27+00:00","dateModified":"2023-12-04T18:43:39+00:00","breadcrumb":{"@id":"https:\/\/urdaburu.eus\/es\/quienes-somos\/#breadcrumb"},"inLanguage":"es","potentialAction":[{"@type":"ReadAction","target":["https:\/\/urdaburu.eus\/es\/quienes-somos\/"]}]},{"@type":"BreadcrumbList","@id":"https:\/\/urdaburu.eus\/es\/quienes-somos\/#breadcrumb","itemListElement":[{"@type":"ListItem","position":1,"name":"Home","item":"https:\/\/urdaburu.eus\/es\/"},{"@type":"ListItem","position":2,"name":"Qui\u00e9nes somos"}]}]}},"_links":{"self":[{"href":"https:\/\/urdaburu.eus\/es\/wp-json\/wp\/v2\/pages\/2140"}],"collection":[{"href":"https:\/\/urdaburu.eus\/es\/wp-json\/wp\/v2\/pages"}],"about":[{"href":"https:\/\/urdaburu.eus\/es\/wp-json\/wp\/v2\/types\/page"}],"author":[{"embeddable":true,"href":"https:\/\/urdaburu.eus\/es\/wp-json\/wp\/v2\/users\/2"}],"replies":[{"embeddable":true,"href":"https:\/\/urdaburu.eus\/es\/wp-json\/wp\/v2\/comments?post=2140"}],"version-history":[{"count":13,"href":"https:\/\/urdaburu.eus\/es\/wp-json\/wp\/v2\/pages\/2140\/revisions"}],"predecessor-version":[{"id":5759,"href":"https:\/\/urdaburu.eus\/es\/wp-json\/wp\/v2\/pages\/2140\/revisions\/5759"}],"wp:featuredmedia":[{"embeddable":true,"href":"https:\/\/urdaburu.eus\/es\/wp-json\/wp\/v2\/media\/3097"}],"wp:attachment":[{"href":"https:\/\/urdaburu.eus\/es\/wp-json\/wp\/v2\/media?parent=2140"}],"curies":[{"name":"wp","href":"https:\/\/api.w.org\/{rel}","templated":true}]}}