{"id":2157,"date":"2020-12-08T00:25:32","date_gmt":"2020-12-07T23:25:32","guid":{"rendered":"http:\/\/urdaburu.eus\/?page_id=2157"},"modified":"2020-12-08T00:25:32","modified_gmt":"2020-12-07T23:25:32","slug":"donde-estamos","status":"publish","type":"page","link":"https:\/\/urdaburu.eus\/es\/donde-estamos\/","title":{"rendered":"D\u00f3nde estamos"},"content":{"rendered":"<p><strong>Direcci\u00f3n:<\/strong><\/p>\n<p>Juan de Olazabal 23, bajo.<\/p>\n<p>20100, Errenteria (Gipuzkoa)<\/p>\n<p>Tel\u00e9fono: 943 527879<\/p>\n<p>E-maila: urdaburu.mendi@gmail.com<\/p>\n<p>Horario de oficina: martes y jueves, de 19:00 a\u00a0 21:30<\/p>\n<p><iframe loading=\"lazy\" style=\"border: 0;\" src=\"https:\/\/www.google.com\/maps\/embed?pb=!1m18!1m12!1m3!1d2903.0494431795423!2d-1.9057570887859212!3d43.313224392586676!2m3!1f0!2f0!3f0!3m2!1i1024!2i768!4f13.1!3m3!1m2!1s0xd51a602798fc643%3A0xb84e6d3eb3d2edae!2sUrdaburu+Mendizale+Elkartea!5e0!3m2!1seu!2ses!4v1546250052389\" width=\"600\" height=\"450\" frameborder=\"0\" allowfullscreen=\"allowfullscreen\" data-mce-fragment=\"1\"><\/iframe><\/p>\n<p>&nbsp;<\/p>\n","protected":false},"excerpt":{"rendered":"<p>Direcci\u00f3n: Juan de Olazabal 23, bajo. 20100, Errenteria (Gipuzkoa) Tel\u00e9fono: 943 527879 E-maila: urdaburu.mendi@gmail.com Horario de oficina: martes y jueves, de 19:00 a\u00a0 21:30 &nbsp;<\/p>\n","protected":false},"author":2,"featured_media":0,"parent":0,"menu_order":0,"comment_status":"closed","ping_status":"closed","template":"","meta":[],"yoast_head":"<!-- This site is optimized with the Yoast SEO plugin v19.1 - https:\/\/yoast.com\/wordpress\/plugins\/seo\/ -->\n<title>D\u00f3nde estamos - Urdaburu<\/title>\n<meta name=\"robots\" content=\"index, follow, max-snippet:-1, max-image-preview:large, max-video-preview:-1\" \/>\n<link rel=\"canonical\" href=\"https:\/\/urdaburu.eus\/es\/donde-estamos\/\" \/>\n<meta property=\"og:locale\" content=\"es_ES\" \/>\n<meta property=\"og:type\" content=\"article\" \/>\n<meta property=\"og:title\" content=\"D\u00f3nde estamos - Urdaburu\" \/>\n<meta property=\"og:description\" content=\"Direcci\u00f3n: Juan de Olazabal 23, bajo. 20100, Errenteria (Gipuzkoa) Tel\u00e9fono: 943 527879 E-maila: urdaburu.mendi@gmail.com Horario de oficina: martes y jueves, de 19:00 a\u00a0 21:30 &nbsp;\" \/>\n<meta property=\"og:url\" content=\"https:\/\/urdaburu.eus\/es\/donde-estamos\/\" \/>\n<meta property=\"og:site_name\" content=\"Urdaburu\" \/>\n<meta name=\"twitter:card\" content=\"summary_large_image\" \/>\n<script type=\"application\/ld+json\" class=\"yoast-schema-graph\">{\"@context\":\"https:\/\/schema.org\",\"@graph\":[{\"@type\":\"WebSite\",\"@id\":\"https:\/\/urdaburu.eus\/#website\",\"url\":\"https:\/\/urdaburu.eus\/\",\"name\":\"Urdaburu\",\"description\":\"Grupo de Monta\u00f1a \",\"potentialAction\":[{\"@type\":\"SearchAction\",\"target\":{\"@type\":\"EntryPoint\",\"urlTemplate\":\"https:\/\/urdaburu.eus\/?s={search_term_string}\"},\"query-input\":\"required name=search_term_string\"}],\"inLanguage\":\"es\"},{\"@type\":\"WebPage\",\"@id\":\"https:\/\/urdaburu.eus\/es\/donde-estamos\/#webpage\",\"url\":\"https:\/\/urdaburu.eus\/es\/donde-estamos\/\",\"name\":\"D\u00f3nde estamos - Urdaburu\",\"isPartOf\":{\"@id\":\"https:\/\/urdaburu.eus\/#website\"},\"datePublished\":\"2020-12-07T23:25:32+00:00\",\"dateModified\":\"2020-12-07T23:25:32+00:00\",\"breadcrumb\":{\"@id\":\"https:\/\/urdaburu.eus\/es\/donde-estamos\/#breadcrumb\"},\"inLanguage\":\"es\",\"potentialAction\":[{\"@type\":\"ReadAction\",\"target\":[\"https:\/\/urdaburu.eus\/es\/donde-estamos\/\"]}]},{\"@type\":\"BreadcrumbList\",\"@id\":\"https:\/\/urdaburu.eus\/es\/donde-estamos\/#breadcrumb\",\"itemListElement\":[{\"@type\":\"ListItem\",\"position\":1,\"name\":\"Home\",\"item\":\"https:\/\/urdaburu.eus\/es\/\"},{\"@type\":\"ListItem\",\"position\":2,\"name\":\"D\u00f3nde estamos\"}]}]}<\/script>\n<!-- \/ Yoast SEO plugin. -->","yoast_head_json":{"title":"D\u00f3nde estamos - Urdaburu","robots":{"index":"index","follow":"follow","max-snippet":"max-snippet:-1","max-image-preview":"max-image-preview:large","max-video-preview":"max-video-preview:-1"},"canonical":"https:\/\/urdaburu.eus\/es\/donde-estamos\/","og_locale":"es_ES","og_type":"article","og_title":"D\u00f3nde estamos - Urdaburu","og_description":"Direcci\u00f3n: Juan de Olazabal 23, bajo. 20100, Errenteria (Gipuzkoa) Tel\u00e9fono: 943 527879 E-maila: urdaburu.mendi@gmail.com Horario de oficina: martes y jueves, de 19:00 a\u00a0 21:30 &nbsp;","og_url":"https:\/\/urdaburu.eus\/es\/donde-estamos\/","og_site_name":"Urdaburu","twitter_card":"summary_large_image","schema":{"@context":"https:\/\/schema.org","@graph":[{"@type":"WebSite","@id":"https:\/\/urdaburu.eus\/#website","url":"https:\/\/urdaburu.eus\/","name":"Urdaburu","description":"Grupo de Monta\u00f1a ","potentialAction":[{"@type":"SearchAction","target":{"@type":"EntryPoint","urlTemplate":"https:\/\/urdaburu.eus\/?s={search_term_string}"},"query-input":"required name=search_term_string"}],"inLanguage":"es"},{"@type":"WebPage","@id":"https:\/\/urdaburu.eus\/es\/donde-estamos\/#webpage","url":"https:\/\/urdaburu.eus\/es\/donde-estamos\/","name":"D\u00f3nde estamos - Urdaburu","isPartOf":{"@id":"https:\/\/urdaburu.eus\/#website"},"datePublished":"2020-12-07T23:25:32+00:00","dateModified":"2020-12-07T23:25:32+00:00","breadcrumb":{"@id":"https:\/\/urdaburu.eus\/es\/donde-estamos\/#breadcrumb"},"inLanguage":"es","potentialAction":[{"@type":"ReadAction","target":["https:\/\/urdaburu.eus\/es\/donde-estamos\/"]}]},{"@type":"BreadcrumbList","@id":"https:\/\/urdaburu.eus\/es\/donde-estamos\/#breadcrumb","itemListElement":[{"@type":"ListItem","position":1,"name":"Home","item":"https:\/\/urdaburu.eus\/es\/"},{"@type":"ListItem","position":2,"name":"D\u00f3nde estamos"}]}]}},"_links":{"self":[{"href":"https:\/\/urdaburu.eus\/es\/wp-json\/wp\/v2\/pages\/2157"}],"collection":[{"href":"https:\/\/urdaburu.eus\/es\/wp-json\/wp\/v2\/pages"}],"about":[{"href":"https:\/\/urdaburu.eus\/es\/wp-json\/wp\/v2\/types\/page"}],"author":[{"embeddable":true,"href":"https:\/\/urdaburu.eus\/es\/wp-json\/wp\/v2\/users\/2"}],"replies":[{"embeddable":true,"href":"https:\/\/urdaburu.eus\/es\/wp-json\/wp\/v2\/comments?post=2157"}],"version-history":[{"count":1,"href":"https:\/\/urdaburu.eus\/es\/wp-json\/wp\/v2\/pages\/2157\/revisions"}],"predecessor-version":[{"id":2158,"href":"https:\/\/urdaburu.eus\/es\/wp-json\/wp\/v2\/pages\/2157\/revisions\/2158"}],"wp:attachment":[{"href":"https:\/\/urdaburu.eus\/es\/wp-json\/wp\/v2\/media?parent=2157"}],"curies":[{"name":"wp","href":"https:\/\/api.w.org\/{rel}","templated":true}]}}