{"id":2546,"date":"2021-02-02T17:43:10","date_gmt":"2021-02-02T16:43:10","guid":{"rendered":"https:\/\/urdaburu.eus\/?page_id=2546"},"modified":"2025-12-04T20:38:05","modified_gmt":"2025-12-04T19:38:05","slug":"licencia-federativa","status":"publish","type":"page","link":"https:\/\/urdaburu.eus\/es\/licencia-federativa\/","title":{"rendered":"Licencia Federativa"},"content":{"rendered":"\n<p>Te acredita como deportista en las disciplinas deportivas de monta\u00f1a: senderismo, monta\u00f1ismo, escalada, descenso de barrancos, alpinismo, espeleolog\u00eda, raquetas de monta\u00f1a, esqu\u00ed de monta\u00f1a a nivel no competitivo y de escalada deportiva, esqu\u00ed de monta\u00f1a, carreras de orientaci\u00f3n y carreras por monta\u00f1a a nivel competitivo.<\/p>\n\n\n\n<p>Dispondr\u00e1s de:<\/p>\n\n\n\n<ul><li>un seguro de accidente deportivo con hospitalizaci\u00f3n<\/li><li>rehabilitaci\u00f3n<\/li><li>seguro de vida para los accidentes ocurridos en monta\u00f1a<\/li><li>un seguro de responsabilidad civil por la actividad en monta\u00f1a<\/li><\/ul>\n\n\n\n<p>En el momento de federarte hay que optar por el \u00e1mbito para el que te federas:<\/p>\n\n\n\n<ul><li>Estado<\/li><li>Estado y Pirineos Franceses que incluye: Andorra, Pirineo Franc\u00e9s, Portugal y Marruecos<\/li><li>Mundo<\/li><\/ul>\n\n\n\n<p>Por federarte recibir\u00e1s trimestralmente en tu domicilio la revista PYRENAICA, las personas de categor\u00edas infantil y juvenil podr\u00e1n optar por ella mediante abono complementario.<\/p>\n\n\n\n<p>Tiene validez desde el momento de su emisi\u00f3n hasta el 31 de diciembre del mismo a\u00f1o.<\/p>\n\n\n\n<p><strong>Tramitaci\u00f3n:<\/strong><br>Si eres socio\/a te ofrecemos el servicio de tramitar la Licencia de la Federaci\u00f3n Vasca (EMF-FVM) y tambi\u00e9n la de la Espa\u00f1ola (FEDME), para lo que existen tres opciones:<\/p>\n\n\n\n<ul><li>Presencial: entregando la solicitud y justificante bancario en nuestro local. Imprimir la <a href=\"\/app\/uploads\/2025\/12\/2026-Urdaburu-Licencia-Federativa.pdf\" target=\"_blank\" rel=\"noreferrer noopener\">hoja de solicitud (VERSION PARA IMPRIMIR)<\/a>.<\/li><li>V\u00eda formulario web: <a href=\"https:\/\/urdaburu.eus\/federatu-zaitez-tramitatu\/\">tramitar la licencia online<\/a>. Adjuntar en la petici\u00f3n el justificante bancario.<\/li><\/ul>\n\n\n\n<p>PRECIO \/ <a href=\"https:\/\/urdaburu.eus\/es\/federate-calcular-precio\/\">C\u00c1LCULO<\/a> COSTE DE LA LICENCIA<br><a href=\"https:\/\/emf.eus\/polizas\/\" target=\"_blank\" rel=\"noreferrer noopener\">P\u00d3LIZAS DE SEGUROS<\/a><\/p>\n","protected":false},"excerpt":{"rendered":"<p>Te acredita como deportista en las disciplinas deportivas de monta\u00f1a: senderismo, monta\u00f1ismo, escalada, descenso de barrancos, alpinismo, espeleolog\u00eda, raquetas de monta\u00f1a, esqu\u00ed de monta\u00f1a a<\/p>\n","protected":false},"author":2,"featured_media":0,"parent":0,"menu_order":0,"comment_status":"closed","ping_status":"closed","template":"","meta":[],"yoast_head":"<!-- This site is optimized with the Yoast SEO plugin v19.1 - https:\/\/yoast.com\/wordpress\/plugins\/seo\/ -->\n<title>Licencia Federativa - Urdaburu<\/title>\n<meta name=\"robots\" content=\"index, follow, max-snippet:-1, max-image-preview:large, max-video-preview:-1\" \/>\n<link rel=\"canonical\" href=\"https:\/\/urdaburu.eus\/es\/licencia-federativa\/\" \/>\n<meta property=\"og:locale\" content=\"es_ES\" \/>\n<meta property=\"og:type\" content=\"article\" \/>\n<meta property=\"og:title\" content=\"Licencia Federativa - Urdaburu\" \/>\n<meta property=\"og:description\" content=\"Te acredita como deportista en las disciplinas deportivas de monta\u00f1a: senderismo, monta\u00f1ismo, escalada, descenso de barrancos, alpinismo, espeleolog\u00eda, raquetas de monta\u00f1a, esqu\u00ed de monta\u00f1a a\" \/>\n<meta property=\"og:url\" content=\"https:\/\/urdaburu.eus\/es\/licencia-federativa\/\" \/>\n<meta property=\"og:site_name\" content=\"Urdaburu\" \/>\n<meta property=\"article:modified_time\" content=\"2025-12-04T19:38:05+00:00\" \/>\n<meta name=\"twitter:card\" content=\"summary_large_image\" \/>\n<meta name=\"twitter:label1\" content=\"Est. reading time\" \/>\n\t<meta name=\"twitter:data1\" content=\"2 minutos\" \/>\n<script type=\"application\/ld+json\" class=\"yoast-schema-graph\">{\"@context\":\"https:\/\/schema.org\",\"@graph\":[{\"@type\":\"WebSite\",\"@id\":\"https:\/\/urdaburu.eus\/#website\",\"url\":\"https:\/\/urdaburu.eus\/\",\"name\":\"Urdaburu\",\"description\":\"Grupo de Monta\u00f1a \",\"potentialAction\":[{\"@type\":\"SearchAction\",\"target\":{\"@type\":\"EntryPoint\",\"urlTemplate\":\"https:\/\/urdaburu.eus\/?s={search_term_string}\"},\"query-input\":\"required name=search_term_string\"}],\"inLanguage\":\"es\"},{\"@type\":\"WebPage\",\"@id\":\"https:\/\/urdaburu.eus\/es\/licencia-federativa\/#webpage\",\"url\":\"https:\/\/urdaburu.eus\/es\/licencia-federativa\/\",\"name\":\"Licencia Federativa - Urdaburu\",\"isPartOf\":{\"@id\":\"https:\/\/urdaburu.eus\/#website\"},\"datePublished\":\"2021-02-02T16:43:10+00:00\",\"dateModified\":\"2025-12-04T19:38:05+00:00\",\"breadcrumb\":{\"@id\":\"https:\/\/urdaburu.eus\/es\/licencia-federativa\/#breadcrumb\"},\"inLanguage\":\"es\",\"potentialAction\":[{\"@type\":\"ReadAction\",\"target\":[\"https:\/\/urdaburu.eus\/es\/licencia-federativa\/\"]}]},{\"@type\":\"BreadcrumbList\",\"@id\":\"https:\/\/urdaburu.eus\/es\/licencia-federativa\/#breadcrumb\",\"itemListElement\":[{\"@type\":\"ListItem\",\"position\":1,\"name\":\"Home\",\"item\":\"https:\/\/urdaburu.eus\/es\/\"},{\"@type\":\"ListItem\",\"position\":2,\"name\":\"Licencia Federativa\"}]}]}<\/script>\n<!-- \/ Yoast SEO plugin. -->","yoast_head_json":{"title":"Licencia Federativa - Urdaburu","robots":{"index":"index","follow":"follow","max-snippet":"max-snippet:-1","max-image-preview":"max-image-preview:large","max-video-preview":"max-video-preview:-1"},"canonical":"https:\/\/urdaburu.eus\/es\/licencia-federativa\/","og_locale":"es_ES","og_type":"article","og_title":"Licencia Federativa - Urdaburu","og_description":"Te acredita como deportista en las disciplinas deportivas de monta\u00f1a: senderismo, monta\u00f1ismo, escalada, descenso de barrancos, alpinismo, espeleolog\u00eda, raquetas de monta\u00f1a, esqu\u00ed de monta\u00f1a a","og_url":"https:\/\/urdaburu.eus\/es\/licencia-federativa\/","og_site_name":"Urdaburu","article_modified_time":"2025-12-04T19:38:05+00:00","twitter_card":"summary_large_image","twitter_misc":{"Est. reading time":"2 minutos"},"schema":{"@context":"https:\/\/schema.org","@graph":[{"@type":"WebSite","@id":"https:\/\/urdaburu.eus\/#website","url":"https:\/\/urdaburu.eus\/","name":"Urdaburu","description":"Grupo de Monta\u00f1a ","potentialAction":[{"@type":"SearchAction","target":{"@type":"EntryPoint","urlTemplate":"https:\/\/urdaburu.eus\/?s={search_term_string}"},"query-input":"required name=search_term_string"}],"inLanguage":"es"},{"@type":"WebPage","@id":"https:\/\/urdaburu.eus\/es\/licencia-federativa\/#webpage","url":"https:\/\/urdaburu.eus\/es\/licencia-federativa\/","name":"Licencia Federativa - Urdaburu","isPartOf":{"@id":"https:\/\/urdaburu.eus\/#website"},"datePublished":"2021-02-02T16:43:10+00:00","dateModified":"2025-12-04T19:38:05+00:00","breadcrumb":{"@id":"https:\/\/urdaburu.eus\/es\/licencia-federativa\/#breadcrumb"},"inLanguage":"es","potentialAction":[{"@type":"ReadAction","target":["https:\/\/urdaburu.eus\/es\/licencia-federativa\/"]}]},{"@type":"BreadcrumbList","@id":"https:\/\/urdaburu.eus\/es\/licencia-federativa\/#breadcrumb","itemListElement":[{"@type":"ListItem","position":1,"name":"Home","item":"https:\/\/urdaburu.eus\/es\/"},{"@type":"ListItem","position":2,"name":"Licencia Federativa"}]}]}},"_links":{"self":[{"href":"https:\/\/urdaburu.eus\/es\/wp-json\/wp\/v2\/pages\/2546"}],"collection":[{"href":"https:\/\/urdaburu.eus\/es\/wp-json\/wp\/v2\/pages"}],"about":[{"href":"https:\/\/urdaburu.eus\/es\/wp-json\/wp\/v2\/types\/page"}],"author":[{"embeddable":true,"href":"https:\/\/urdaburu.eus\/es\/wp-json\/wp\/v2\/users\/2"}],"replies":[{"embeddable":true,"href":"https:\/\/urdaburu.eus\/es\/wp-json\/wp\/v2\/comments?post=2546"}],"version-history":[{"count":17,"href":"https:\/\/urdaburu.eus\/es\/wp-json\/wp\/v2\/pages\/2546\/revisions"}],"predecessor-version":[{"id":7755,"href":"https:\/\/urdaburu.eus\/es\/wp-json\/wp\/v2\/pages\/2546\/revisions\/7755"}],"wp:attachment":[{"href":"https:\/\/urdaburu.eus\/es\/wp-json\/wp\/v2\/media?parent=2546"}],"curies":[{"name":"wp","href":"https:\/\/api.w.org\/{rel}","templated":true}]}}