{"id":3376,"date":"2021-11-10T17:44:12","date_gmt":"2021-11-10T16:44:12","guid":{"rendered":"https:\/\/urdaburu.eus\/?page_id=3376"},"modified":"2024-10-22T21:27:34","modified_gmt":"2024-10-22T20:27:34","slug":"escolares-comienzos","status":"publish","type":"page","link":"https:\/\/urdaburu.eus\/es\/escolares-comienzos\/","title":{"rendered":"Escolares \/ Comienzos&#8230;"},"content":{"rendered":"\n<div class=\"wp-block-columns\">\n<div class=\"wp-block-column\" style=\"flex-basis:70%\">\n<p><\/p>\n\n\n\n<p>UN POCO DE HISTORIA<\/p>\n<p style=\"text-align: justify;\">Si bien en la d\u00e9cada de los a\u00f1os 80 se organizaron las primeras salidas monta\u00f1eras para escolares, fue en el a\u00f1o 1993 cuando se cre\u00f3 en el club la secci\u00f3n de Monta\u00f1a Escolar y se volvi\u00f3 a retomar la organizaci\u00f3n de aquellas salidas mensuales que han persistido hasta nuestros d\u00edas, y que poco a poco han ido cogiendo la forma que actualmente tienen.<\/p>\n<p style=\"text-align: justify;\">Hoy en d\u00eda podemos afirmar que se trata de un proyecto consolidado, para el que se cuenta con gran experiencia y que viene a ser cantera de monta\u00f1eros y monta\u00f1eras.<br \/>En la actualidad esta actividad la llevamos a cabo con los y las escolares de la Ikastola Orereta.<\/p>\n<p>GRUPO DE MONITORES<\/p>\n<p style=\"text-align: justify;\">Desde el principio, participaron en su organizaci\u00f3n un grupo de socios y socias, que adem\u00e1s eran madres y padres de escolares de la Ikastola Orereta, y que con el tiempo dada su implicaci\u00f3n se fueron convirtiendo en monitores y monitoras de estos grupos.<\/p>\n<p style=\"text-align: justify;\">Actualmente el grupo de monitores lo formamos 12 personas, algunas est\u00e1n desde aquellas primeras salidas del a\u00f1o 1993 y otras desde el a\u00f1o 2009. Nuestro quehacer principal ha sido el de organizar las salidas pero el objetivo que siempre hemos perseguido ha sido el de inculcar en los ni\u00f1os y ni\u00f1as los valores propios del monta\u00f1ismo, la amistad, solidaridad y respeto a la naturaleza.<\/p>\n<\/div>\n\n\n\n<div class=\"wp-block-column\" style=\"flex-basis:5%\"><\/div>\n\n\n\n<div class=\"wp-block-column\" style=\"flex-basis:25%\">\n<div id=\"secondary\" style=\"width:max-content;float:none\">\n<aside class=\"widget widget_categories clearfix\">\n        <h4 class=\"widget-title\"><span>Escolares<\/span><\/h4>\n        <ul>\n            <li class=\"cat-item\"><a href=\"https:\/\/urdaburu.eus\/eskolartekoak\/\">Introduccion<\/a>\n            <\/li>\n            <li class=\"cat-item\"><a href=\"https:\/\/urdaburu.eus\/eskolartekoak-hasierak\/\">Historia<\/a>\n            <\/li>\n        <\/ul>\n    <\/aside>\n    <aside class=\"widget widget_categories clearfix\">\n        <h4 class=\"widget-title\"><span>Orereta Ikastola<\/span><\/h4>\n        <ul>\n            <li class=\"cat-item\"><a href=\"https:\/\/urdaburu.eus\/eskolartekoak-orereta-ikastola\/\">Colaboraci\u00f3n<\/a>\n            <\/li>\n <li class=\"cat-item\"><a href=\"https:\/\/urdaburu.eus\/eskolartekoak-araudia\/\">Normas<\/a>\n            <\/li>\n            <li class=\"cat-item\"><a href=\"https:\/\/urdaburu.eus\/es\/escolares-calendario-2024-25\/\">Calendario<\/a>\n            <\/li>\n<li class=\"cat-item\"><a href=\"https:\/\/www.flickr.com\/photos\/195341817@N02\/collections\/72157721050614642\/\" target=\"_blank\" rel=\"noopener\">Fotograf\u00edas<\/a>\n            <\/li>\n            <li class=\"cat-item\"><a href=\"https:\/\/urdaburu.eus\/es\/eskolartekoak-monitors-2\/\">Monitores\/as<\/a>\n            <\/li>\n        <\/ul>\n    <\/aside>\n<\/div>\n<\/div>\n<\/div>\n","protected":false},"excerpt":{"rendered":"<p>UN POCO DE HISTORIA Si bien en la d\u00e9cada de los a\u00f1os 80 se organizaron las primeras salidas monta\u00f1eras para escolares, fue en el a\u00f1o<\/p>\n","protected":false},"author":2,"featured_media":0,"parent":0,"menu_order":0,"comment_status":"closed","ping_status":"closed","template":"","meta":[],"yoast_head":"<!-- This site is optimized with the Yoast SEO plugin v19.1 - https:\/\/yoast.com\/wordpress\/plugins\/seo\/ -->\n<title>Escolares \/ Comienzos... - Urdaburu<\/title>\n<meta name=\"robots\" content=\"index, follow, max-snippet:-1, max-image-preview:large, max-video-preview:-1\" \/>\n<link rel=\"canonical\" href=\"https:\/\/urdaburu.eus\/es\/escolares-comienzos\/\" \/>\n<meta property=\"og:locale\" content=\"es_ES\" \/>\n<meta property=\"og:type\" content=\"article\" \/>\n<meta property=\"og:title\" content=\"Escolares \/ Comienzos... - Urdaburu\" \/>\n<meta property=\"og:description\" content=\"UN POCO DE HISTORIA Si bien en la d\u00e9cada de los a\u00f1os 80 se organizaron las primeras salidas monta\u00f1eras para escolares, fue en el a\u00f1o\" \/>\n<meta property=\"og:url\" content=\"https:\/\/urdaburu.eus\/es\/escolares-comienzos\/\" \/>\n<meta property=\"og:site_name\" content=\"Urdaburu\" \/>\n<meta property=\"article:modified_time\" content=\"2024-10-22T20:27:34+00:00\" \/>\n<meta name=\"twitter:card\" content=\"summary_large_image\" \/>\n<meta name=\"twitter:label1\" content=\"Est. reading time\" \/>\n\t<meta name=\"twitter:data1\" content=\"2 minutos\" \/>\n<script type=\"application\/ld+json\" class=\"yoast-schema-graph\">{\"@context\":\"https:\/\/schema.org\",\"@graph\":[{\"@type\":\"WebSite\",\"@id\":\"https:\/\/urdaburu.eus\/#website\",\"url\":\"https:\/\/urdaburu.eus\/\",\"name\":\"Urdaburu\",\"description\":\"Grupo de Monta\u00f1a \",\"potentialAction\":[{\"@type\":\"SearchAction\",\"target\":{\"@type\":\"EntryPoint\",\"urlTemplate\":\"https:\/\/urdaburu.eus\/?s={search_term_string}\"},\"query-input\":\"required name=search_term_string\"}],\"inLanguage\":\"es\"},{\"@type\":\"WebPage\",\"@id\":\"https:\/\/urdaburu.eus\/es\/escolares-comienzos\/#webpage\",\"url\":\"https:\/\/urdaburu.eus\/es\/escolares-comienzos\/\",\"name\":\"Escolares \/ Comienzos... - Urdaburu\",\"isPartOf\":{\"@id\":\"https:\/\/urdaburu.eus\/#website\"},\"datePublished\":\"2021-11-10T16:44:12+00:00\",\"dateModified\":\"2024-10-22T20:27:34+00:00\",\"breadcrumb\":{\"@id\":\"https:\/\/urdaburu.eus\/es\/escolares-comienzos\/#breadcrumb\"},\"inLanguage\":\"es\",\"potentialAction\":[{\"@type\":\"ReadAction\",\"target\":[\"https:\/\/urdaburu.eus\/es\/escolares-comienzos\/\"]}]},{\"@type\":\"BreadcrumbList\",\"@id\":\"https:\/\/urdaburu.eus\/es\/escolares-comienzos\/#breadcrumb\",\"itemListElement\":[{\"@type\":\"ListItem\",\"position\":1,\"name\":\"Home\",\"item\":\"https:\/\/urdaburu.eus\/es\/\"},{\"@type\":\"ListItem\",\"position\":2,\"name\":\"Escolares \/ Comienzos&#8230;\"}]}]}<\/script>\n<!-- \/ Yoast SEO plugin. -->","yoast_head_json":{"title":"Escolares \/ Comienzos... - Urdaburu","robots":{"index":"index","follow":"follow","max-snippet":"max-snippet:-1","max-image-preview":"max-image-preview:large","max-video-preview":"max-video-preview:-1"},"canonical":"https:\/\/urdaburu.eus\/es\/escolares-comienzos\/","og_locale":"es_ES","og_type":"article","og_title":"Escolares \/ Comienzos... - Urdaburu","og_description":"UN POCO DE HISTORIA Si bien en la d\u00e9cada de los a\u00f1os 80 se organizaron las primeras salidas monta\u00f1eras para escolares, fue en el a\u00f1o","og_url":"https:\/\/urdaburu.eus\/es\/escolares-comienzos\/","og_site_name":"Urdaburu","article_modified_time":"2024-10-22T20:27:34+00:00","twitter_card":"summary_large_image","twitter_misc":{"Est. reading time":"2 minutos"},"schema":{"@context":"https:\/\/schema.org","@graph":[{"@type":"WebSite","@id":"https:\/\/urdaburu.eus\/#website","url":"https:\/\/urdaburu.eus\/","name":"Urdaburu","description":"Grupo de Monta\u00f1a ","potentialAction":[{"@type":"SearchAction","target":{"@type":"EntryPoint","urlTemplate":"https:\/\/urdaburu.eus\/?s={search_term_string}"},"query-input":"required name=search_term_string"}],"inLanguage":"es"},{"@type":"WebPage","@id":"https:\/\/urdaburu.eus\/es\/escolares-comienzos\/#webpage","url":"https:\/\/urdaburu.eus\/es\/escolares-comienzos\/","name":"Escolares \/ Comienzos... - Urdaburu","isPartOf":{"@id":"https:\/\/urdaburu.eus\/#website"},"datePublished":"2021-11-10T16:44:12+00:00","dateModified":"2024-10-22T20:27:34+00:00","breadcrumb":{"@id":"https:\/\/urdaburu.eus\/es\/escolares-comienzos\/#breadcrumb"},"inLanguage":"es","potentialAction":[{"@type":"ReadAction","target":["https:\/\/urdaburu.eus\/es\/escolares-comienzos\/"]}]},{"@type":"BreadcrumbList","@id":"https:\/\/urdaburu.eus\/es\/escolares-comienzos\/#breadcrumb","itemListElement":[{"@type":"ListItem","position":1,"name":"Home","item":"https:\/\/urdaburu.eus\/es\/"},{"@type":"ListItem","position":2,"name":"Escolares \/ Comienzos&#8230;"}]}]}},"_links":{"self":[{"href":"https:\/\/urdaburu.eus\/es\/wp-json\/wp\/v2\/pages\/3376"}],"collection":[{"href":"https:\/\/urdaburu.eus\/es\/wp-json\/wp\/v2\/pages"}],"about":[{"href":"https:\/\/urdaburu.eus\/es\/wp-json\/wp\/v2\/types\/page"}],"author":[{"embeddable":true,"href":"https:\/\/urdaburu.eus\/es\/wp-json\/wp\/v2\/users\/2"}],"replies":[{"embeddable":true,"href":"https:\/\/urdaburu.eus\/es\/wp-json\/wp\/v2\/comments?post=3376"}],"version-history":[{"count":15,"href":"https:\/\/urdaburu.eus\/es\/wp-json\/wp\/v2\/pages\/3376\/revisions"}],"predecessor-version":[{"id":6694,"href":"https:\/\/urdaburu.eus\/es\/wp-json\/wp\/v2\/pages\/3376\/revisions\/6694"}],"wp:attachment":[{"href":"https:\/\/urdaburu.eus\/es\/wp-json\/wp\/v2\/media?parent=3376"}],"curies":[{"name":"wp","href":"https:\/\/api.w.org\/{rel}","templated":true}]}}