{"id":489,"date":"2018-12-11T23:17:29","date_gmt":"2018-12-11T22:17:29","guid":{"rendered":"http:\/\/urdaburu.eus\/negua\/"},"modified":"2022-01-14T00:51:44","modified_gmt":"2022-01-13T23:51:44","slug":"negua","status":"publish","type":"page","link":"https:\/\/urdaburu.eus\/es\/negua\/","title":{"rendered":"Cursillos de esqu\u00ed de fondo!!"},"content":{"rendered":"\n<p>Este a\u00f1o realizaremos tres salidas de esqu\u00ed.  <ul>   <li>El 29 y 30 de enero para adultos: <a href=\"https:\/\/urdaburu.eus\/es\/2022\/01\/cursillo-salida-a-esquiar\/\">m\u00e1s informaci\u00f3n.<\/a><\/li>   <li>El 5 de febrero y 5 de marzo para escolares: mas informaci\u00f3n pr\u00f3ximamente.<\/li> <\/ul><\/p>\n","protected":false},"excerpt":{"rendered":"<p>Este a\u00f1o realizaremos tres salidas de esqu\u00ed. El 29 y 30 de enero para adultos: m\u00e1s informaci\u00f3n. El 5 de febrero y 5 de marzo<\/p>\n","protected":false},"author":2,"featured_media":449,"parent":0,"menu_order":0,"comment_status":"closed","ping_status":"closed","template":"","meta":[],"yoast_head":"<!-- This site is optimized with the Yoast SEO plugin v19.1 - https:\/\/yoast.com\/wordpress\/plugins\/seo\/ -->\n<title>Cursillos de esqu\u00ed de fondo!! - Urdaburu<\/title>\n<meta name=\"robots\" content=\"index, follow, max-snippet:-1, max-image-preview:large, max-video-preview:-1\" \/>\n<link rel=\"canonical\" href=\"https:\/\/urdaburu.eus\/es\/negua\/\" \/>\n<meta property=\"og:locale\" content=\"es_ES\" \/>\n<meta property=\"og:type\" content=\"article\" \/>\n<meta property=\"og:title\" content=\"Cursillos de esqu\u00ed de fondo!! - Urdaburu\" \/>\n<meta property=\"og:description\" content=\"Este a\u00f1o realizaremos tres salidas de esqu\u00ed. El 29 y 30 de enero para adultos: m\u00e1s informaci\u00f3n. El 5 de febrero y 5 de marzo\" \/>\n<meta property=\"og:url\" content=\"https:\/\/urdaburu.eus\/es\/negua\/\" \/>\n<meta property=\"og:site_name\" content=\"Urdaburu\" \/>\n<meta property=\"article:modified_time\" content=\"2022-01-13T23:51:44+00:00\" \/>\n<meta property=\"og:image\" content=\"https:\/\/urdaburu.eus\/app\/uploads\/2018\/12\/IraupenEskia.jpg\" \/>\n\t<meta property=\"og:image:width\" content=\"1600\" \/>\n\t<meta property=\"og:image:height\" content=\"768\" \/>\n\t<meta property=\"og:image:type\" content=\"image\/jpeg\" \/>\n<meta name=\"twitter:card\" content=\"summary_large_image\" \/>\n<meta name=\"twitter:label1\" content=\"Est. reading time\" \/>\n\t<meta name=\"twitter:data1\" content=\"1 minuto\" \/>\n<script type=\"application\/ld+json\" class=\"yoast-schema-graph\">{\"@context\":\"https:\/\/schema.org\",\"@graph\":[{\"@type\":\"WebSite\",\"@id\":\"https:\/\/urdaburu.eus\/#website\",\"url\":\"https:\/\/urdaburu.eus\/\",\"name\":\"Urdaburu\",\"description\":\"Grupo de Monta\u00f1a \",\"potentialAction\":[{\"@type\":\"SearchAction\",\"target\":{\"@type\":\"EntryPoint\",\"urlTemplate\":\"https:\/\/urdaburu.eus\/?s={search_term_string}\"},\"query-input\":\"required name=search_term_string\"}],\"inLanguage\":\"es\"},{\"@type\":\"ImageObject\",\"inLanguage\":\"es\",\"@id\":\"https:\/\/urdaburu.eus\/es\/negua\/#primaryimage\",\"url\":\"\/app\/uploads\/2018\/12\/IraupenEskia.jpg\",\"contentUrl\":\"\/app\/uploads\/2018\/12\/IraupenEskia.jpg\",\"width\":1600,\"height\":768},{\"@type\":\"WebPage\",\"@id\":\"https:\/\/urdaburu.eus\/es\/negua\/#webpage\",\"url\":\"https:\/\/urdaburu.eus\/es\/negua\/\",\"name\":\"Cursillos de esqu\u00ed de fondo!! - Urdaburu\",\"isPartOf\":{\"@id\":\"https:\/\/urdaburu.eus\/#website\"},\"primaryImageOfPage\":{\"@id\":\"https:\/\/urdaburu.eus\/es\/negua\/#primaryimage\"},\"datePublished\":\"2018-12-11T22:17:29+00:00\",\"dateModified\":\"2022-01-13T23:51:44+00:00\",\"breadcrumb\":{\"@id\":\"https:\/\/urdaburu.eus\/es\/negua\/#breadcrumb\"},\"inLanguage\":\"es\",\"potentialAction\":[{\"@type\":\"ReadAction\",\"target\":[\"https:\/\/urdaburu.eus\/es\/negua\/\"]}]},{\"@type\":\"BreadcrumbList\",\"@id\":\"https:\/\/urdaburu.eus\/es\/negua\/#breadcrumb\",\"itemListElement\":[{\"@type\":\"ListItem\",\"position\":1,\"name\":\"Home\",\"item\":\"https:\/\/urdaburu.eus\/es\/\"},{\"@type\":\"ListItem\",\"position\":2,\"name\":\"Cursillos de esqu\u00ed de fondo!!\"}]}]}<\/script>\n<!-- \/ Yoast SEO plugin. -->","yoast_head_json":{"title":"Cursillos de esqu\u00ed de fondo!! - Urdaburu","robots":{"index":"index","follow":"follow","max-snippet":"max-snippet:-1","max-image-preview":"max-image-preview:large","max-video-preview":"max-video-preview:-1"},"canonical":"https:\/\/urdaburu.eus\/es\/negua\/","og_locale":"es_ES","og_type":"article","og_title":"Cursillos de esqu\u00ed de fondo!! - Urdaburu","og_description":"Este a\u00f1o realizaremos tres salidas de esqu\u00ed. El 29 y 30 de enero para adultos: m\u00e1s informaci\u00f3n. El 5 de febrero y 5 de marzo","og_url":"https:\/\/urdaburu.eus\/es\/negua\/","og_site_name":"Urdaburu","article_modified_time":"2022-01-13T23:51:44+00:00","og_image":[{"width":1600,"height":768,"url":"https:\/\/urdaburu.eus\/app\/uploads\/2018\/12\/IraupenEskia.jpg","type":"image\/jpeg"}],"twitter_card":"summary_large_image","twitter_misc":{"Est. reading time":"1 minuto"},"schema":{"@context":"https:\/\/schema.org","@graph":[{"@type":"WebSite","@id":"https:\/\/urdaburu.eus\/#website","url":"https:\/\/urdaburu.eus\/","name":"Urdaburu","description":"Grupo de Monta\u00f1a ","potentialAction":[{"@type":"SearchAction","target":{"@type":"EntryPoint","urlTemplate":"https:\/\/urdaburu.eus\/?s={search_term_string}"},"query-input":"required name=search_term_string"}],"inLanguage":"es"},{"@type":"ImageObject","inLanguage":"es","@id":"https:\/\/urdaburu.eus\/es\/negua\/#primaryimage","url":"\/app\/uploads\/2018\/12\/IraupenEskia.jpg","contentUrl":"\/app\/uploads\/2018\/12\/IraupenEskia.jpg","width":1600,"height":768},{"@type":"WebPage","@id":"https:\/\/urdaburu.eus\/es\/negua\/#webpage","url":"https:\/\/urdaburu.eus\/es\/negua\/","name":"Cursillos de esqu\u00ed de fondo!! - Urdaburu","isPartOf":{"@id":"https:\/\/urdaburu.eus\/#website"},"primaryImageOfPage":{"@id":"https:\/\/urdaburu.eus\/es\/negua\/#primaryimage"},"datePublished":"2018-12-11T22:17:29+00:00","dateModified":"2022-01-13T23:51:44+00:00","breadcrumb":{"@id":"https:\/\/urdaburu.eus\/es\/negua\/#breadcrumb"},"inLanguage":"es","potentialAction":[{"@type":"ReadAction","target":["https:\/\/urdaburu.eus\/es\/negua\/"]}]},{"@type":"BreadcrumbList","@id":"https:\/\/urdaburu.eus\/es\/negua\/#breadcrumb","itemListElement":[{"@type":"ListItem","position":1,"name":"Home","item":"https:\/\/urdaburu.eus\/es\/"},{"@type":"ListItem","position":2,"name":"Cursillos de esqu\u00ed de fondo!!"}]}]}},"_links":{"self":[{"href":"https:\/\/urdaburu.eus\/es\/wp-json\/wp\/v2\/pages\/489"}],"collection":[{"href":"https:\/\/urdaburu.eus\/es\/wp-json\/wp\/v2\/pages"}],"about":[{"href":"https:\/\/urdaburu.eus\/es\/wp-json\/wp\/v2\/types\/page"}],"author":[{"embeddable":true,"href":"https:\/\/urdaburu.eus\/es\/wp-json\/wp\/v2\/users\/2"}],"replies":[{"embeddable":true,"href":"https:\/\/urdaburu.eus\/es\/wp-json\/wp\/v2\/comments?post=489"}],"version-history":[{"count":8,"href":"https:\/\/urdaburu.eus\/es\/wp-json\/wp\/v2\/pages\/489\/revisions"}],"predecessor-version":[{"id":3753,"href":"https:\/\/urdaburu.eus\/es\/wp-json\/wp\/v2\/pages\/489\/revisions\/3753"}],"wp:featuredmedia":[{"embeddable":true,"href":"https:\/\/urdaburu.eus\/es\/wp-json\/wp\/v2\/media\/449"}],"wp:attachment":[{"href":"https:\/\/urdaburu.eus\/es\/wp-json\/wp\/v2\/media?parent=489"}],"curies":[{"name":"wp","href":"https:\/\/api.w.org\/{rel}","templated":true}]}}