{"id":5155,"date":"2023-04-03T23:15:17","date_gmt":"2023-04-03T22:15:17","guid":{"rendered":"https:\/\/urdaburu.eus\/?page_id=5155"},"modified":"2023-04-03T23:38:22","modified_gmt":"2023-04-03T22:38:22","slug":"arabako-bira","status":"publish","type":"page","link":"https:\/\/urdaburu.eus\/es\/arabako-bira\/","title":{"rendered":"Vuelta a Araba"},"content":{"rendered":"\n<div class=\"wp-block-columns\">\n<div class=\"wp-block-column\" style=\"flex-basis:70%\">\n<p>La Vuelta a Alava, proyecto que inici\u00f3 el 18 de febrero, ser\u00e1 el 24\u00ba que realizamos los 3\u00ba s\u00e1bados de cada mes desde 1991. Tenemos ya dise\u00f1ado el recorrido completo de este largo periplo, que durar\u00e1 cerca de 3 a\u00f1os. Salvo que surjan cambios, tendr\u00e1 31 etapas y unos 540 kms, as\u00ed como un desnivel aproximado de 24.000m. Entre otras cosas, ascenderemos 54 montes, pasando por 47 localidades. Por tanto, puede considerarse un recorrido bastante monta\u00f1oso, salvo 5 etapas que discurren cerca del Ebro.<br>Como punto de inicio hemos elegido la zona m\u00e1s pr\u00f3xima a Errenteria, la localidad de Andoin, situado en la Llanada Alavesa. Las 5 primeras etapas discurrir\u00e1n en direcci\u00f3n S, atravesando las sierras de Entzia\/Urbasa, Lokiz y Kodes. Desde Oy\u00f3n, las pr\u00f3ximas 6 etapas hasta Sobr\u00f3n, tomaran rumbo NW, paralelo al Ebro; etapas llanas, excepto 2 por la sierra de Tolo\u00f1o. Abandonando el Ebro, las siguientes 3 etapas mantienen rumbo NW, por las sierras de Arcena y Valderejo, alcanzando el punto m\u00e1s lejano de nuestro periplo. Las pr\u00f3ximas 7 etapas tendr\u00e1n un rumbo muy err\u00e1tico aunque un componente NE, discurriendo por las sierras de Arkamo y Salvada, y terrenos de Ayala. En Okondo cambiar\u00e1 definitivamente el rumbo, enfilando 2 etapas al SE, por Ganekogorta, y unas 7 \u00faltimas etapas al E, por las sierras y macizos que forman la divisoria de aguas: Gorbeia, Montes del Duranguesado y Aizkorri (Elgea, Urkilla, Altzania); cerrando as\u00ed el c\u00edrculo en Andoin.<\/p>\n\n\n\n<div class=\"wp-block-file\"><object class=\"wp-block-file__embed\" data=\"\/app\/uploads\/2023\/04\/ArabakoBira_Etapak.pdf\" type=\"application\/pdf\" style=\"width:100%;height:600px\" aria-label=\"Embed of ArabakoBira_Etapak.\"><\/object><a href=\"\/app\/uploads\/2023\/04\/ArabakoBira_Etapak.pdf\">ArabakoBira_Etapak<\/a><a href=\"\/app\/uploads\/2023\/04\/ArabakoBira_Etapak.pdf\" class=\"wp-block-file__button\" download>Download<\/a><\/div>\n<\/div>\n\n\n\n<div class=\"wp-block-column\" style=\"flex-basis:5%\"><\/div>\n\n\n\n<div class=\"wp-block-column\" style=\"flex-basis:25%\">\n<div id=\"secondary\" style=\"width:max-content;float:none\">\n<aside class=\"widget widget_categories clearfix\">\n        <h4 class=\"widget-title\"><span>Proyectos<\/span><\/h4>\n        <ul>\n            <li class=\"cat-item\"><a href=\"https:\/\/urdaburu.eus\/es\/arabako-bira\/\">2023-25 Vuelta a Araba<\/a>\n            <\/li>\n            <li class=\"cat-item\"><a href=\"https:\/\/urdaburu.eus\/vuelta-a-tolosaldea\/\">2022-23 Vuelta a Tolosaldea<\/a>\n            <\/li>\n        <\/ul>\n    <\/aside>\n<\/div>\n<\/div>\n<\/div>\n","protected":false},"excerpt":{"rendered":"<p>La Vuelta a Alava, proyecto que inici\u00f3 el 18 de febrero, ser\u00e1 el 24\u00ba que realizamos los 3\u00ba s\u00e1bados de cada mes desde 1991. Tenemos<\/p>\n","protected":false},"author":2,"featured_media":0,"parent":0,"menu_order":0,"comment_status":"closed","ping_status":"closed","template":"","meta":[],"yoast_head":"<!-- This site is optimized with the Yoast SEO plugin v19.1 - https:\/\/yoast.com\/wordpress\/plugins\/seo\/ -->\n<title>Vuelta a Araba - Urdaburu<\/title>\n<meta name=\"robots\" content=\"index, follow, max-snippet:-1, max-image-preview:large, max-video-preview:-1\" \/>\n<link rel=\"canonical\" href=\"https:\/\/urdaburu.eus\/es\/arabako-bira\/\" \/>\n<meta property=\"og:locale\" content=\"es_ES\" \/>\n<meta property=\"og:type\" content=\"article\" \/>\n<meta property=\"og:title\" content=\"Vuelta a Araba - Urdaburu\" \/>\n<meta property=\"og:description\" content=\"La Vuelta a Alava, proyecto que inici\u00f3 el 18 de febrero, ser\u00e1 el 24\u00ba que realizamos los 3\u00ba s\u00e1bados de cada mes desde 1991. Tenemos\" \/>\n<meta property=\"og:url\" content=\"https:\/\/urdaburu.eus\/es\/arabako-bira\/\" \/>\n<meta property=\"og:site_name\" content=\"Urdaburu\" \/>\n<meta property=\"article:modified_time\" content=\"2023-04-03T22:38:22+00:00\" \/>\n<meta name=\"twitter:card\" content=\"summary_large_image\" \/>\n<meta name=\"twitter:label1\" content=\"Est. reading time\" \/>\n\t<meta name=\"twitter:data1\" content=\"2 minutos\" \/>\n<script type=\"application\/ld+json\" class=\"yoast-schema-graph\">{\"@context\":\"https:\/\/schema.org\",\"@graph\":[{\"@type\":\"WebSite\",\"@id\":\"https:\/\/urdaburu.eus\/#website\",\"url\":\"https:\/\/urdaburu.eus\/\",\"name\":\"Urdaburu\",\"description\":\"Grupo de Monta\u00f1a \",\"potentialAction\":[{\"@type\":\"SearchAction\",\"target\":{\"@type\":\"EntryPoint\",\"urlTemplate\":\"https:\/\/urdaburu.eus\/?s={search_term_string}\"},\"query-input\":\"required name=search_term_string\"}],\"inLanguage\":\"es\"},{\"@type\":\"WebPage\",\"@id\":\"https:\/\/urdaburu.eus\/es\/arabako-bira\/#webpage\",\"url\":\"https:\/\/urdaburu.eus\/es\/arabako-bira\/\",\"name\":\"Vuelta a Araba - Urdaburu\",\"isPartOf\":{\"@id\":\"https:\/\/urdaburu.eus\/#website\"},\"datePublished\":\"2023-04-03T22:15:17+00:00\",\"dateModified\":\"2023-04-03T22:38:22+00:00\",\"breadcrumb\":{\"@id\":\"https:\/\/urdaburu.eus\/es\/arabako-bira\/#breadcrumb\"},\"inLanguage\":\"es\",\"potentialAction\":[{\"@type\":\"ReadAction\",\"target\":[\"https:\/\/urdaburu.eus\/es\/arabako-bira\/\"]}]},{\"@type\":\"BreadcrumbList\",\"@id\":\"https:\/\/urdaburu.eus\/es\/arabako-bira\/#breadcrumb\",\"itemListElement\":[{\"@type\":\"ListItem\",\"position\":1,\"name\":\"Home\",\"item\":\"https:\/\/urdaburu.eus\/es\/\"},{\"@type\":\"ListItem\",\"position\":2,\"name\":\"Vuelta a Araba\"}]}]}<\/script>\n<!-- \/ Yoast SEO plugin. -->","yoast_head_json":{"title":"Vuelta a Araba - Urdaburu","robots":{"index":"index","follow":"follow","max-snippet":"max-snippet:-1","max-image-preview":"max-image-preview:large","max-video-preview":"max-video-preview:-1"},"canonical":"https:\/\/urdaburu.eus\/es\/arabako-bira\/","og_locale":"es_ES","og_type":"article","og_title":"Vuelta a Araba - Urdaburu","og_description":"La Vuelta a Alava, proyecto que inici\u00f3 el 18 de febrero, ser\u00e1 el 24\u00ba que realizamos los 3\u00ba s\u00e1bados de cada mes desde 1991. Tenemos","og_url":"https:\/\/urdaburu.eus\/es\/arabako-bira\/","og_site_name":"Urdaburu","article_modified_time":"2023-04-03T22:38:22+00:00","twitter_card":"summary_large_image","twitter_misc":{"Est. reading time":"2 minutos"},"schema":{"@context":"https:\/\/schema.org","@graph":[{"@type":"WebSite","@id":"https:\/\/urdaburu.eus\/#website","url":"https:\/\/urdaburu.eus\/","name":"Urdaburu","description":"Grupo de Monta\u00f1a ","potentialAction":[{"@type":"SearchAction","target":{"@type":"EntryPoint","urlTemplate":"https:\/\/urdaburu.eus\/?s={search_term_string}"},"query-input":"required name=search_term_string"}],"inLanguage":"es"},{"@type":"WebPage","@id":"https:\/\/urdaburu.eus\/es\/arabako-bira\/#webpage","url":"https:\/\/urdaburu.eus\/es\/arabako-bira\/","name":"Vuelta a Araba - Urdaburu","isPartOf":{"@id":"https:\/\/urdaburu.eus\/#website"},"datePublished":"2023-04-03T22:15:17+00:00","dateModified":"2023-04-03T22:38:22+00:00","breadcrumb":{"@id":"https:\/\/urdaburu.eus\/es\/arabako-bira\/#breadcrumb"},"inLanguage":"es","potentialAction":[{"@type":"ReadAction","target":["https:\/\/urdaburu.eus\/es\/arabako-bira\/"]}]},{"@type":"BreadcrumbList","@id":"https:\/\/urdaburu.eus\/es\/arabako-bira\/#breadcrumb","itemListElement":[{"@type":"ListItem","position":1,"name":"Home","item":"https:\/\/urdaburu.eus\/es\/"},{"@type":"ListItem","position":2,"name":"Vuelta a Araba"}]}]}},"_links":{"self":[{"href":"https:\/\/urdaburu.eus\/es\/wp-json\/wp\/v2\/pages\/5155"}],"collection":[{"href":"https:\/\/urdaburu.eus\/es\/wp-json\/wp\/v2\/pages"}],"about":[{"href":"https:\/\/urdaburu.eus\/es\/wp-json\/wp\/v2\/types\/page"}],"author":[{"embeddable":true,"href":"https:\/\/urdaburu.eus\/es\/wp-json\/wp\/v2\/users\/2"}],"replies":[{"embeddable":true,"href":"https:\/\/urdaburu.eus\/es\/wp-json\/wp\/v2\/comments?post=5155"}],"version-history":[{"count":4,"href":"https:\/\/urdaburu.eus\/es\/wp-json\/wp\/v2\/pages\/5155\/revisions"}],"predecessor-version":[{"id":5173,"href":"https:\/\/urdaburu.eus\/es\/wp-json\/wp\/v2\/pages\/5155\/revisions\/5173"}],"wp:attachment":[{"href":"https:\/\/urdaburu.eus\/es\/wp-json\/wp\/v2\/media?parent=5155"}],"curies":[{"name":"wp","href":"https:\/\/api.w.org\/{rel}","templated":true}]}}