{"id":54,"date":"2017-05-17T18:19:41","date_gmt":"2017-05-17T18:19:41","guid":{"rendered":"http:\/\/urdaburu.eus\/?page_id=54\/"},"modified":"2020-12-22T15:05:35","modified_gmt":"2020-12-22T14:05:35","slug":"historia","status":"publish","type":"page","link":"https:\/\/urdaburu.eus\/es\/historia\/","title":{"rendered":"Historia"},"content":{"rendered":"<div class=\"Izenburua\">Urdaburu Mendizale Elkartea se funda el 13 de febrero de 1942, bajo el nombre de Grupo de Monta\u00f1a Urdaburu.<\/div>\n<div class=\"Edukia\">\n<div class=\"Edukia\">\n<p>Es miembro desde su fundaci\u00f3n de la entonces Delegaci\u00f3n Regional Vasco-Navarra de la Federaci\u00f3n Espa\u00f1ola de Monta\u00f1a (la que tras diversas vicisitudes se transforma en la actual Euskal Mendizale Federazioa).<\/p>\n<ul>\n<li><strong>1942<\/strong>: Fundaci\u00f3n<\/li>\n<li><strong>13\/08\/1944<\/strong>: Primera ascensi\u00f3n de un socio del club al Naranjo de Bulnes<\/li>\n<li><strong>19\/06\/1949<\/strong>: Primera traves\u00eda de larga duraci\u00f3n Errenteria-Pamplona<\/li>\n<li><strong>1952<\/strong>: Inauguraci\u00f3n del primer local social en el n\u00famero 8 de la calle Santa Mar\u00eda<\/li>\n<li><strong>1958<\/strong>: Es nombrado Delegado Regional Vasco-Navarro de la F.E.M. nuestro en aquel entonces primer presidente Sr. Pedro Otegui Ecenarro (q.e.p.d.)<\/li>\n<li><strong>1960<\/strong>: Inauguraci\u00f3n de la txabola-refugio de Pagotzarte, propiedad del Ayuntamiento de Errenteria, reconstruida y acondicionada por el club<\/li>\n<li><strong>1962<\/strong>: 20\u00ba Aniversario de la fundaci\u00f3n<\/li>\n<li><strong>22\/07\/1962 &#8211; 12\/08\/1962<\/strong>: Primera excursi\u00f3n internacional (Austria)<\/li>\n<li><strong>21\/07\/1964 &#8211; 10\/08\/1964<\/strong>: Segunda excursi\u00f3n internacional (Suiza)<\/li>\n<li><strong>1970<\/strong>: I Campeonato Social de Esqu\u00ed de Fondo<\/li>\n<li><strong>1977<\/strong>: 1\u00aa Participaci\u00f3n del club en la \u00abMarcia Longa\u00bb (Italia)<\/li>\n<li><strong>1978<\/strong>: Primeros contactos y gestiones para la compra de la Borda de Abau (Zuriza-Valle de Ans\u00f3)<\/li>\n<li><strong>1983<\/strong>: Comienzan las obras de reconstrucci\u00f3n y acondicionamiento para su transformaci\u00f3n en refugio de la Borda de Abau<\/li>\n<li><strong>1984<\/strong>: Proyecto de ampliaci\u00f3n y renovaci\u00f3n de la txabola-refugio de Pagotzarte, proyecto que fu\u00e9 ejecutado por el Ayuntamiento de Errenteria, y que, con posterioridad, fue aplicado a las diversas txabolas de su propiedad en los montes de la Villa<\/li>\n<li><strong>1985<\/strong>: Tras arduos esfuerzos de un grupo de socios se inaugura el Refugio Borda Abau<\/li>\n<li><strong>01\/08\/1986 &#8211; 23\/08\/1986<\/strong>: 1\u00aa Traves\u00eda Integral del Pirineo por socios del club<\/li>\n<li><strong>1990<\/strong>: Traves\u00eda en B.T.T., realizada por miembros del club, Errenteria-Kodar (China)<\/li>\n<li><strong>1991<\/strong>: Expedici\u00f3n al Pumori-Lotse (Himalaya)<\/li>\n<li><strong>1991<\/strong>: Adquisici\u00f3n y comienzo de las obras del actual local social; el proyecto y gran parte de las obras son realizados por miembros del club<\/li>\n<li><strong>1992<\/strong>: 50\u00ba Aniversario de la fundaci\u00f3n del club<\/li>\n<li><strong>1992<\/strong>: Inauguraci\u00f3n del actual local social (Juan de Olazabal, 23)<\/li>\n<li><strong>1992<\/strong>: Organizaci\u00f3n del la XV Marcha de Veteranos de Euskadi<\/li>\n<\/ul>\n<p>&nbsp;<\/p>\n<\/div>\n<\/div>\n<div class=\"Edukia\">\n<div class=\"Edukia\">\n<p>El club cuenta en la actualidad con <strong>936 socios<\/strong> a los que se les ofrece, entre otros, lo siguiente:<\/p>\n<p><strong>Servicios:<\/strong><\/p>\n<ul>\n<li>Refugio \u00abBorda Abau\u00bb<\/li>\n<li>Biblioteca: mapas, planos, libros, gu\u00edas, revistas, etc.<\/li>\n<li>Revista \u00abGure artean\u00bb: bolet\u00edn que se publica cada cuatro meses y que se env\u00eda gratuitamente a todos los socios<\/li>\n<li>Roc\u00f3dromo<\/li>\n<li>Alquiler de material de monta\u00f1a y escalada<\/li>\n<li>Alquiler de esqu\u00eds y raquetas para la nieve<\/li>\n<li>Alquiler de tiendas de campa\u00f1a<\/li>\n<\/ul>\n<p><strong>Actividades:<\/strong><\/p>\n<ul>\n<li>Cursillos de escalada<\/li>\n<li>Cursillos de esqu\u00ed<\/li>\n<li>Conferencias y proyecciones<\/li>\n<li>Exposiciones fotogr\u00e1ficas<\/li>\n<li>Semana Monta\u00f1era<\/li>\n<li>Excursiones relacionadas con el deporte de la monta\u00f1a, en sus diversas modalidades: monta\u00f1a, escalada, senderismo, esqu\u00ed de fondo, traves\u00edas, Marcha de Gran Fondo<\/li>\n<\/ul>\n<p>Todas estas actividades se desarrollan dentro de cada una de las categor\u00edas en las que se divide el club:<\/p>\n<ul>\n<li>Escolares<\/li>\n<li>Seniors<\/li>\n<li>Veteranos<\/li>\n<\/ul>\n<\/div>\n<\/div>\n<p>&nbsp;<\/p>\n<p>&nbsp;<\/p>\n<p style=\"text-align: left;\"><strong>Donde estamos:<\/strong><\/p>\n<p><iframe loading=\"lazy\" style=\"border: 0;\" src=\"https:\/\/www.google.com\/maps\/embed?pb=!1m18!1m12!1m3!1d2903.0494431795423!2d-1.9057570887859212!3d43.313224392586676!2m3!1f0!2f0!3f0!3m2!1i1024!2i768!4f13.1!3m3!1m2!1s0xd51a602798fc643%3A0xb84e6d3eb3d2edae!2sUrdaburu+Mendizale+Elkartea!5e0!3m2!1seu!2ses!4v1546250052389\" width=\"600\" height=\"450\" frameborder=\"0\" allowfullscreen=\"allowfullscreen\"><\/iframe><\/p>\n","protected":false},"excerpt":{"rendered":"<p>Urdaburu Mendizale Elkartea se funda el 13 de febrero de 1942, bajo el nombre de Grupo de Monta\u00f1a Urdaburu. Es miembro desde su fundaci\u00f3n de<\/p>\n","protected":false},"author":1,"featured_media":37,"parent":0,"menu_order":0,"comment_status":"closed","ping_status":"closed","template":"","meta":[],"yoast_head":"<!-- This site is optimized with the Yoast SEO plugin v19.1 - https:\/\/yoast.com\/wordpress\/plugins\/seo\/ -->\n<title>Historia - Urdaburu<\/title>\n<meta name=\"robots\" content=\"index, follow, max-snippet:-1, max-image-preview:large, max-video-preview:-1\" \/>\n<link rel=\"canonical\" href=\"https:\/\/urdaburu.eus\/es\/historia\/\" \/>\n<meta property=\"og:locale\" content=\"es_ES\" \/>\n<meta property=\"og:type\" content=\"article\" \/>\n<meta property=\"og:title\" content=\"Historia - Urdaburu\" \/>\n<meta property=\"og:description\" content=\"Urdaburu Mendizale Elkartea se funda el 13 de febrero de 1942, bajo el nombre de Grupo de Monta\u00f1a Urdaburu. Es miembro desde su fundaci\u00f3n de\" \/>\n<meta property=\"og:url\" content=\"https:\/\/urdaburu.eus\/es\/historia\/\" \/>\n<meta property=\"og:site_name\" content=\"Urdaburu\" \/>\n<meta property=\"article:modified_time\" content=\"2020-12-22T14:05:35+00:00\" \/>\n<meta property=\"og:image\" content=\"https:\/\/urdaburu.eus\/app\/uploads\/2017\/05\/UME.jpg\" \/>\n\t<meta property=\"og:image:width\" content=\"400\" \/>\n\t<meta property=\"og:image:height\" content=\"400\" \/>\n\t<meta property=\"og:image:type\" content=\"image\/jpeg\" \/>\n<meta name=\"twitter:card\" content=\"summary_large_image\" \/>\n<meta name=\"twitter:label1\" content=\"Est. reading time\" \/>\n\t<meta name=\"twitter:data1\" content=\"2 minutos\" \/>\n<script type=\"application\/ld+json\" class=\"yoast-schema-graph\">{\"@context\":\"https:\/\/schema.org\",\"@graph\":[{\"@type\":\"WebSite\",\"@id\":\"https:\/\/urdaburu.eus\/#website\",\"url\":\"https:\/\/urdaburu.eus\/\",\"name\":\"Urdaburu\",\"description\":\"Grupo de Monta\u00f1a \",\"potentialAction\":[{\"@type\":\"SearchAction\",\"target\":{\"@type\":\"EntryPoint\",\"urlTemplate\":\"https:\/\/urdaburu.eus\/?s={search_term_string}\"},\"query-input\":\"required name=search_term_string\"}],\"inLanguage\":\"es\"},{\"@type\":\"ImageObject\",\"inLanguage\":\"es\",\"@id\":\"https:\/\/urdaburu.eus\/es\/historia\/#primaryimage\",\"url\":\"\/app\/uploads\/2017\/05\/UME.jpg\",\"contentUrl\":\"\/app\/uploads\/2017\/05\/UME.jpg\",\"width\":400,\"height\":400},{\"@type\":\"WebPage\",\"@id\":\"https:\/\/urdaburu.eus\/es\/historia\/#webpage\",\"url\":\"https:\/\/urdaburu.eus\/es\/historia\/\",\"name\":\"Historia - Urdaburu\",\"isPartOf\":{\"@id\":\"https:\/\/urdaburu.eus\/#website\"},\"primaryImageOfPage\":{\"@id\":\"https:\/\/urdaburu.eus\/es\/historia\/#primaryimage\"},\"datePublished\":\"2017-05-17T18:19:41+00:00\",\"dateModified\":\"2020-12-22T14:05:35+00:00\",\"breadcrumb\":{\"@id\":\"https:\/\/urdaburu.eus\/es\/historia\/#breadcrumb\"},\"inLanguage\":\"es\",\"potentialAction\":[{\"@type\":\"ReadAction\",\"target\":[\"https:\/\/urdaburu.eus\/es\/historia\/\"]}]},{\"@type\":\"BreadcrumbList\",\"@id\":\"https:\/\/urdaburu.eus\/es\/historia\/#breadcrumb\",\"itemListElement\":[{\"@type\":\"ListItem\",\"position\":1,\"name\":\"Home\",\"item\":\"https:\/\/urdaburu.eus\/es\/\"},{\"@type\":\"ListItem\",\"position\":2,\"name\":\"Historia\"}]}]}<\/script>\n<!-- \/ Yoast SEO plugin. -->","yoast_head_json":{"title":"Historia - Urdaburu","robots":{"index":"index","follow":"follow","max-snippet":"max-snippet:-1","max-image-preview":"max-image-preview:large","max-video-preview":"max-video-preview:-1"},"canonical":"https:\/\/urdaburu.eus\/es\/historia\/","og_locale":"es_ES","og_type":"article","og_title":"Historia - Urdaburu","og_description":"Urdaburu Mendizale Elkartea se funda el 13 de febrero de 1942, bajo el nombre de Grupo de Monta\u00f1a Urdaburu. Es miembro desde su fundaci\u00f3n de","og_url":"https:\/\/urdaburu.eus\/es\/historia\/","og_site_name":"Urdaburu","article_modified_time":"2020-12-22T14:05:35+00:00","og_image":[{"width":400,"height":400,"url":"https:\/\/urdaburu.eus\/app\/uploads\/2017\/05\/UME.jpg","type":"image\/jpeg"}],"twitter_card":"summary_large_image","twitter_misc":{"Est. reading time":"2 minutos"},"schema":{"@context":"https:\/\/schema.org","@graph":[{"@type":"WebSite","@id":"https:\/\/urdaburu.eus\/#website","url":"https:\/\/urdaburu.eus\/","name":"Urdaburu","description":"Grupo de Monta\u00f1a ","potentialAction":[{"@type":"SearchAction","target":{"@type":"EntryPoint","urlTemplate":"https:\/\/urdaburu.eus\/?s={search_term_string}"},"query-input":"required name=search_term_string"}],"inLanguage":"es"},{"@type":"ImageObject","inLanguage":"es","@id":"https:\/\/urdaburu.eus\/es\/historia\/#primaryimage","url":"\/app\/uploads\/2017\/05\/UME.jpg","contentUrl":"\/app\/uploads\/2017\/05\/UME.jpg","width":400,"height":400},{"@type":"WebPage","@id":"https:\/\/urdaburu.eus\/es\/historia\/#webpage","url":"https:\/\/urdaburu.eus\/es\/historia\/","name":"Historia - Urdaburu","isPartOf":{"@id":"https:\/\/urdaburu.eus\/#website"},"primaryImageOfPage":{"@id":"https:\/\/urdaburu.eus\/es\/historia\/#primaryimage"},"datePublished":"2017-05-17T18:19:41+00:00","dateModified":"2020-12-22T14:05:35+00:00","breadcrumb":{"@id":"https:\/\/urdaburu.eus\/es\/historia\/#breadcrumb"},"inLanguage":"es","potentialAction":[{"@type":"ReadAction","target":["https:\/\/urdaburu.eus\/es\/historia\/"]}]},{"@type":"BreadcrumbList","@id":"https:\/\/urdaburu.eus\/es\/historia\/#breadcrumb","itemListElement":[{"@type":"ListItem","position":1,"name":"Home","item":"https:\/\/urdaburu.eus\/es\/"},{"@type":"ListItem","position":2,"name":"Historia"}]}]}},"_links":{"self":[{"href":"https:\/\/urdaburu.eus\/es\/wp-json\/wp\/v2\/pages\/54"}],"collection":[{"href":"https:\/\/urdaburu.eus\/es\/wp-json\/wp\/v2\/pages"}],"about":[{"href":"https:\/\/urdaburu.eus\/es\/wp-json\/wp\/v2\/types\/page"}],"author":[{"embeddable":true,"href":"https:\/\/urdaburu.eus\/es\/wp-json\/wp\/v2\/users\/1"}],"replies":[{"embeddable":true,"href":"https:\/\/urdaburu.eus\/es\/wp-json\/wp\/v2\/comments?post=54"}],"version-history":[{"count":8,"href":"https:\/\/urdaburu.eus\/es\/wp-json\/wp\/v2\/pages\/54\/revisions"}],"predecessor-version":[{"id":2139,"href":"https:\/\/urdaburu.eus\/es\/wp-json\/wp\/v2\/pages\/54\/revisions\/2139"}],"wp:featuredmedia":[{"embeddable":true,"href":"https:\/\/urdaburu.eus\/es\/wp-json\/wp\/v2\/media\/37"}],"wp:attachment":[{"href":"https:\/\/urdaburu.eus\/es\/wp-json\/wp\/v2\/media?parent=54"}],"curies":[{"name":"wp","href":"https:\/\/api.w.org\/{rel}","templated":true}]}}