{"id":547,"date":"2018-12-28T01:19:05","date_gmt":"2018-12-28T00:19:05","guid":{"rendered":"http:\/\/urdaburu.eus\/?page_id=547"},"modified":"2023-04-03T23:42:49","modified_gmt":"2023-04-03T22:42:49","slug":"salidas-montaneras","status":"publish","type":"page","link":"https:\/\/urdaburu.eus\/es\/salidas-montaneras\/","title":{"rendered":"Salidas monta\u00f1eras"},"content":{"rendered":"\n<div class=\"wp-block-columns\">\n<div class=\"wp-block-column\">\n<p>LLevamos desde 1991 realizando salidas el tercer s\u00e1bado de cada mes y en total hemos realizado 24 proyectos en diferentes entornos. La mayor\u00eda de los proyectos han sido realizados en los montes&#8230;<\/p>\n<\/div>\n\n\n\n<div class=\"wp-block-column\" style=\"flex-basis:5%\"><\/div>\n\n\n\n<div class=\"wp-block-column\" style=\"flex-basis:25%\">\n<div id=\"secondary\" style=\"width:max-content;float:none\">\n<aside class=\"widget widget_categories clearfix\">\n        <h4 class=\"widget-title\"><span>Proyectos<\/span><\/h4>\n        <ul>\n            <li class=\"cat-item\"><a href=\"https:\/\/urdaburu.eus\/es\/arabako-bira\/\">2023-25 Vuelta a Araba<\/a>\n            <\/li>\n            <li class=\"cat-item\"><a href=\"https:\/\/urdaburu.eus\/vuelta-a-tolosaldea\/\">2022-23 Vuelta a Tolosaldea<\/a>\n            <\/li>\n        <\/ul>\n    <\/aside>\n<\/div>\n<\/div>\n<\/div>\n","protected":false},"excerpt":{"rendered":"<p>LLevamos desde 1991 realizando salidas el tercer s\u00e1bado de cada mes y en total hemos realizado 24 proyectos en diferentes entornos. La mayor\u00eda de los<\/p>\n","protected":false},"author":2,"featured_media":43,"parent":0,"menu_order":1,"comment_status":"closed","ping_status":"closed","template":"page-templates\/template-services.php","meta":[],"yoast_head":"<!-- This site is optimized with the Yoast SEO plugin v19.1 - https:\/\/yoast.com\/wordpress\/plugins\/seo\/ -->\n<title>Salidas monta\u00f1eras - Urdaburu<\/title>\n<meta name=\"robots\" content=\"index, follow, max-snippet:-1, max-image-preview:large, max-video-preview:-1\" \/>\n<link rel=\"canonical\" href=\"https:\/\/urdaburu.eus\/es\/salidas-montaneras\/\" \/>\n<meta property=\"og:locale\" content=\"es_ES\" \/>\n<meta property=\"og:type\" content=\"article\" \/>\n<meta property=\"og:title\" content=\"Salidas monta\u00f1eras - Urdaburu\" \/>\n<meta property=\"og:description\" content=\"LLevamos desde 1991 realizando salidas el tercer s\u00e1bado de cada mes y en total hemos realizado 24 proyectos en diferentes entornos. La mayor\u00eda de los\" \/>\n<meta property=\"og:url\" content=\"https:\/\/urdaburu.eus\/es\/salidas-montaneras\/\" \/>\n<meta property=\"og:site_name\" content=\"Urdaburu\" \/>\n<meta property=\"article:modified_time\" content=\"2023-04-03T22:42:49+00:00\" \/>\n<meta property=\"og:image\" content=\"https:\/\/urdaburu.eus\/app\/uploads\/2017\/05\/052-Baroude-Petit-Pic-Blanc-Vista-de-la-cresta-hacia-la-Munia-2016-08-11.jpg\" \/>\n\t<meta property=\"og:image:width\" content=\"1920\" \/>\n\t<meta property=\"og:image:height\" content=\"1440\" \/>\n\t<meta property=\"og:image:type\" content=\"image\/jpeg\" \/>\n<meta name=\"twitter:card\" content=\"summary_large_image\" \/>\n<meta name=\"twitter:label1\" content=\"Est. reading time\" \/>\n\t<meta name=\"twitter:data1\" content=\"1 minuto\" \/>\n<script type=\"application\/ld+json\" class=\"yoast-schema-graph\">{\"@context\":\"https:\/\/schema.org\",\"@graph\":[{\"@type\":\"WebSite\",\"@id\":\"https:\/\/urdaburu.eus\/#website\",\"url\":\"https:\/\/urdaburu.eus\/\",\"name\":\"Urdaburu\",\"description\":\"Grupo de Monta\u00f1a \",\"potentialAction\":[{\"@type\":\"SearchAction\",\"target\":{\"@type\":\"EntryPoint\",\"urlTemplate\":\"https:\/\/urdaburu.eus\/?s={search_term_string}\"},\"query-input\":\"required name=search_term_string\"}],\"inLanguage\":\"es\"},{\"@type\":\"ImageObject\",\"inLanguage\":\"es\",\"@id\":\"https:\/\/urdaburu.eus\/es\/salidas-montaneras\/#primaryimage\",\"url\":\"\/app\/uploads\/2017\/05\/052-Baroude-Petit-Pic-Blanc-Vista-de-la-cresta-hacia-la-Munia-2016-08-11.jpg\",\"contentUrl\":\"\/app\/uploads\/2017\/05\/052-Baroude-Petit-Pic-Blanc-Vista-de-la-cresta-hacia-la-Munia-2016-08-11.jpg\",\"width\":1920,\"height\":1440},{\"@type\":\"WebPage\",\"@id\":\"https:\/\/urdaburu.eus\/es\/salidas-montaneras\/#webpage\",\"url\":\"https:\/\/urdaburu.eus\/es\/salidas-montaneras\/\",\"name\":\"Salidas monta\u00f1eras - Urdaburu\",\"isPartOf\":{\"@id\":\"https:\/\/urdaburu.eus\/#website\"},\"primaryImageOfPage\":{\"@id\":\"https:\/\/urdaburu.eus\/es\/salidas-montaneras\/#primaryimage\"},\"datePublished\":\"2018-12-28T00:19:05+00:00\",\"dateModified\":\"2023-04-03T22:42:49+00:00\",\"breadcrumb\":{\"@id\":\"https:\/\/urdaburu.eus\/es\/salidas-montaneras\/#breadcrumb\"},\"inLanguage\":\"es\",\"potentialAction\":[{\"@type\":\"ReadAction\",\"target\":[\"https:\/\/urdaburu.eus\/es\/salidas-montaneras\/\"]}]},{\"@type\":\"BreadcrumbList\",\"@id\":\"https:\/\/urdaburu.eus\/es\/salidas-montaneras\/#breadcrumb\",\"itemListElement\":[{\"@type\":\"ListItem\",\"position\":1,\"name\":\"Home\",\"item\":\"https:\/\/urdaburu.eus\/es\/\"},{\"@type\":\"ListItem\",\"position\":2,\"name\":\"Salidas monta\u00f1eras\"}]}]}<\/script>\n<!-- \/ Yoast SEO plugin. -->","yoast_head_json":{"title":"Salidas monta\u00f1eras - Urdaburu","robots":{"index":"index","follow":"follow","max-snippet":"max-snippet:-1","max-image-preview":"max-image-preview:large","max-video-preview":"max-video-preview:-1"},"canonical":"https:\/\/urdaburu.eus\/es\/salidas-montaneras\/","og_locale":"es_ES","og_type":"article","og_title":"Salidas monta\u00f1eras - Urdaburu","og_description":"LLevamos desde 1991 realizando salidas el tercer s\u00e1bado de cada mes y en total hemos realizado 24 proyectos en diferentes entornos. La mayor\u00eda de los","og_url":"https:\/\/urdaburu.eus\/es\/salidas-montaneras\/","og_site_name":"Urdaburu","article_modified_time":"2023-04-03T22:42:49+00:00","og_image":[{"width":1920,"height":1440,"url":"https:\/\/urdaburu.eus\/app\/uploads\/2017\/05\/052-Baroude-Petit-Pic-Blanc-Vista-de-la-cresta-hacia-la-Munia-2016-08-11.jpg","type":"image\/jpeg"}],"twitter_card":"summary_large_image","twitter_misc":{"Est. reading time":"1 minuto"},"schema":{"@context":"https:\/\/schema.org","@graph":[{"@type":"WebSite","@id":"https:\/\/urdaburu.eus\/#website","url":"https:\/\/urdaburu.eus\/","name":"Urdaburu","description":"Grupo de Monta\u00f1a ","potentialAction":[{"@type":"SearchAction","target":{"@type":"EntryPoint","urlTemplate":"https:\/\/urdaburu.eus\/?s={search_term_string}"},"query-input":"required name=search_term_string"}],"inLanguage":"es"},{"@type":"ImageObject","inLanguage":"es","@id":"https:\/\/urdaburu.eus\/es\/salidas-montaneras\/#primaryimage","url":"\/app\/uploads\/2017\/05\/052-Baroude-Petit-Pic-Blanc-Vista-de-la-cresta-hacia-la-Munia-2016-08-11.jpg","contentUrl":"\/app\/uploads\/2017\/05\/052-Baroude-Petit-Pic-Blanc-Vista-de-la-cresta-hacia-la-Munia-2016-08-11.jpg","width":1920,"height":1440},{"@type":"WebPage","@id":"https:\/\/urdaburu.eus\/es\/salidas-montaneras\/#webpage","url":"https:\/\/urdaburu.eus\/es\/salidas-montaneras\/","name":"Salidas monta\u00f1eras - Urdaburu","isPartOf":{"@id":"https:\/\/urdaburu.eus\/#website"},"primaryImageOfPage":{"@id":"https:\/\/urdaburu.eus\/es\/salidas-montaneras\/#primaryimage"},"datePublished":"2018-12-28T00:19:05+00:00","dateModified":"2023-04-03T22:42:49+00:00","breadcrumb":{"@id":"https:\/\/urdaburu.eus\/es\/salidas-montaneras\/#breadcrumb"},"inLanguage":"es","potentialAction":[{"@type":"ReadAction","target":["https:\/\/urdaburu.eus\/es\/salidas-montaneras\/"]}]},{"@type":"BreadcrumbList","@id":"https:\/\/urdaburu.eus\/es\/salidas-montaneras\/#breadcrumb","itemListElement":[{"@type":"ListItem","position":1,"name":"Home","item":"https:\/\/urdaburu.eus\/es\/"},{"@type":"ListItem","position":2,"name":"Salidas monta\u00f1eras"}]}]}},"_links":{"self":[{"href":"https:\/\/urdaburu.eus\/es\/wp-json\/wp\/v2\/pages\/547"}],"collection":[{"href":"https:\/\/urdaburu.eus\/es\/wp-json\/wp\/v2\/pages"}],"about":[{"href":"https:\/\/urdaburu.eus\/es\/wp-json\/wp\/v2\/types\/page"}],"author":[{"embeddable":true,"href":"https:\/\/urdaburu.eus\/es\/wp-json\/wp\/v2\/users\/2"}],"replies":[{"embeddable":true,"href":"https:\/\/urdaburu.eus\/es\/wp-json\/wp\/v2\/comments?post=547"}],"version-history":[{"count":5,"href":"https:\/\/urdaburu.eus\/es\/wp-json\/wp\/v2\/pages\/547\/revisions"}],"predecessor-version":[{"id":5176,"href":"https:\/\/urdaburu.eus\/es\/wp-json\/wp\/v2\/pages\/547\/revisions\/5176"}],"wp:featuredmedia":[{"embeddable":true,"href":"https:\/\/urdaburu.eus\/es\/wp-json\/wp\/v2\/media\/43"}],"wp:attachment":[{"href":"https:\/\/urdaburu.eus\/es\/wp-json\/wp\/v2\/media?parent=547"}],"curies":[{"name":"wp","href":"https:\/\/api.w.org\/{rel}","templated":true}]}}