{"id":553,"date":"2018-12-28T01:25:57","date_gmt":"2018-12-28T00:25:57","guid":{"rendered":"http:\/\/urdaburu.eus\/?page_id=553"},"modified":"2023-09-04T18:41:29","modified_gmt":"2023-09-04T17:41:29","slug":"abau-refugio","status":"publish","type":"page","link":"https:\/\/urdaburu.eus\/es\/abau-refugio\/","title":{"rendered":"Borda Abau"},"content":{"rendered":"\n<p><\/p>\n\n\n\n<div class=\"wp-block-columns\">\n<div class=\"wp-block-column\" style=\"flex-basis:66.66%\">\n<p style=\"text-align: justify;\"><img loading=\"lazy\" class=\"alignleft wp-image-2977\" src=\"\/app\/uploads\/2021\/05\/Abau-300x191.jpg\" alt=\"\" width=\"320\" height=\"204\" srcset=\"\/app\/uploads\/2021\/05\/Abau-300x191.jpg 300w, \/app\/uploads\/2021\/05\/Abau-768x489.jpg 768w, \/app\/uploads\/2021\/05\/Abau.jpg 800w\" sizes=\"(max-width: 320px) 100vw, 320px\" \/>El edificio donde se ubica el refugio era un antiguo caser\u00edo de verano de una familia del pueblo de Ans\u00f3 (Huesca).<br>Situado en El Valle del r\u00edo Veral, a escasos 4 km. del camping de Zuriza y a 9 km. del pueblo de Ans\u00f3 al que pertenece el refugio. Al pie de la vertiente sur del monte Ezkaurre. Tiene infinitas posibilidades para hacer senderismo y escalada, as\u00ed como posibilidades para hacer multitud de cumbres de renombre como la Mesa de los Tres Reyes, Acherito, Petrechema, Los Alanos etc.<br>La casa se rehabilit\u00f3 para ser un refugio de monta\u00f1a al uso equipado con lo esencial. Est\u00e1 compuesto por la casa principal y un anexo integrado en el mismo edificio principal. En la planta baja, encontraremos nada m\u00e1s entrar un peque\u00f1o recibidor preparado para cambiarnos de calzado y con estantes para depositar las botas. Una vez dentro tenemos una cocina equipada al estilo de las sociedades gastron\u00f3micas y el comedor con mesas corridas. De esta planta se accede al anexo donde est\u00e1n situados los aseos, con un lavado corrido, dos duchas individuales y dos inodoros. La planta superior es un espacio di\u00e1fano con literas corridas con capacidad para 46 personas, equipada con colchonetas y mantas.<\/p>\n<p style=\"text-align: justify;\">Dispone tambi\u00e9n de una gambara en la que se encuentran los acumuladores de energ\u00eda que se alimentan por medio de placas solares instaladas en el tejado y gracias a la que disponemos de luz, agua caliente y calefacci\u00f3n. Esta instalaci\u00f3n solar cuenta con m\u00e1s de treinta a\u00f1os, siendo pionera en el Valle.<br>La casa constituye un espacio libre de humos y est\u00e1 prohibida la entrada de animales.<br>En la parte exterior tenemos un espacio verde con \u00e1rboles frutales y en un lateral del edificio tenemos un asador del que podemos disfrutar sobre todo los d\u00edas que hace bueno en verano.<br>El acceso con veh\u00edculo es hasta la misma puerta del refugio.<\/p>\n\t\t\t\t\t<div class=\"gallery_box_single\">\n\t\t\t\t\t\t<p class=\"not_found\">Disculpe, nada fue encontrado.<\/p>\n\t\t\t\t\t<\/div><!-- .gallery_box_single -->\n\t\t\t\t\n\n\n\n<p><\/p>\n<\/div>\n\n\n\n<div class=\"wp-block-column\" style=\"flex-basis:33.33%\">\n<div id=\"secondary\">\n    <aside class=\"widget widget_categories clearfix\">\n        <h4 class=\"widget-title\"><span>Abau Borda<\/span><\/h4>\n        <ul>\n            <li class=\"cat-item\"><a href=\"https:\/\/urdaburu.eus\/es\/abau-refugio\/\"><font color=\"32c4d1\">General<\/font><\/a>\n            <\/li>\n <li class=\"cat-item\"><a href=\"https:\/\/urdaburu.eus\/es\/abau-reglamento\/\">Reglamento<\/a>\n            <\/li>\n            <li class=\"cat-item\"><a href=\"https:\/\/urdaburu.eus\/es\/refugio-tarifas\/\">Tarifas<\/a>\n            <\/li>\n            <li class=\"cat-item\"><a href=\"https:\/\/urdaburu.eus\/es\/refugio-formulario\/\">Formulario<\/a>\n            <\/li>\n        <\/ul>\n    <\/aside>\n<\/div>\n<\/div>\n<\/div>\n","protected":false},"excerpt":{"rendered":"<p>El edificio donde se ubica el refugio era un antiguo caser\u00edo de verano de una familia del pueblo de Ans\u00f3 (Huesca).Situado en El Valle del<\/p>\n","protected":false},"author":2,"featured_media":3531,"parent":0,"menu_order":0,"comment_status":"closed","ping_status":"closed","template":"page-templates\/template-services.php","meta":[],"yoast_head":"<!-- This site is optimized with the Yoast SEO plugin v19.1 - https:\/\/yoast.com\/wordpress\/plugins\/seo\/ -->\n<title>Borda Abau - Urdaburu<\/title>\n<meta name=\"robots\" content=\"index, follow, max-snippet:-1, max-image-preview:large, max-video-preview:-1\" \/>\n<link rel=\"canonical\" href=\"https:\/\/urdaburu.eus\/es\/abau-refugio\/\" \/>\n<meta property=\"og:locale\" content=\"es_ES\" \/>\n<meta property=\"og:type\" content=\"article\" \/>\n<meta property=\"og:title\" content=\"Borda Abau - Urdaburu\" \/>\n<meta property=\"og:description\" content=\"El edificio donde se ubica el refugio era un antiguo caser\u00edo de verano de una familia del pueblo de Ans\u00f3 (Huesca).Situado en El Valle del\" \/>\n<meta property=\"og:url\" content=\"https:\/\/urdaburu.eus\/es\/abau-refugio\/\" \/>\n<meta property=\"og:site_name\" content=\"Urdaburu\" \/>\n<meta property=\"article:modified_time\" content=\"2023-09-04T17:41:29+00:00\" \/>\n<meta property=\"og:image\" content=\"https:\/\/urdaburu.eus\/app\/uploads\/2021\/11\/Borda-Abau-Slider.jpg\" \/>\n\t<meta property=\"og:image:width\" content=\"1024\" \/>\n\t<meta property=\"og:image:height\" content=\"499\" \/>\n\t<meta property=\"og:image:type\" content=\"image\/jpeg\" \/>\n<meta name=\"twitter:card\" content=\"summary_large_image\" \/>\n<meta name=\"twitter:label1\" content=\"Est. reading time\" \/>\n\t<meta name=\"twitter:data1\" content=\"2 minutos\" \/>\n<script type=\"application\/ld+json\" class=\"yoast-schema-graph\">{\"@context\":\"https:\/\/schema.org\",\"@graph\":[{\"@type\":\"WebSite\",\"@id\":\"https:\/\/urdaburu.eus\/#website\",\"url\":\"https:\/\/urdaburu.eus\/\",\"name\":\"Urdaburu\",\"description\":\"Grupo de Monta\u00f1a \",\"potentialAction\":[{\"@type\":\"SearchAction\",\"target\":{\"@type\":\"EntryPoint\",\"urlTemplate\":\"https:\/\/urdaburu.eus\/?s={search_term_string}\"},\"query-input\":\"required name=search_term_string\"}],\"inLanguage\":\"es\"},{\"@type\":\"ImageObject\",\"inLanguage\":\"es\",\"@id\":\"https:\/\/urdaburu.eus\/es\/abau-refugio\/#primaryimage\",\"url\":\"\/app\/uploads\/2021\/11\/Borda-Abau-Slider.jpg\",\"contentUrl\":\"\/app\/uploads\/2021\/11\/Borda-Abau-Slider.jpg\",\"width\":1024,\"height\":499},{\"@type\":\"WebPage\",\"@id\":\"https:\/\/urdaburu.eus\/es\/abau-refugio\/#webpage\",\"url\":\"https:\/\/urdaburu.eus\/es\/abau-refugio\/\",\"name\":\"Borda Abau - Urdaburu\",\"isPartOf\":{\"@id\":\"https:\/\/urdaburu.eus\/#website\"},\"primaryImageOfPage\":{\"@id\":\"https:\/\/urdaburu.eus\/es\/abau-refugio\/#primaryimage\"},\"datePublished\":\"2018-12-28T00:25:57+00:00\",\"dateModified\":\"2023-09-04T17:41:29+00:00\",\"breadcrumb\":{\"@id\":\"https:\/\/urdaburu.eus\/es\/abau-refugio\/#breadcrumb\"},\"inLanguage\":\"es\",\"potentialAction\":[{\"@type\":\"ReadAction\",\"target\":[\"https:\/\/urdaburu.eus\/es\/abau-refugio\/\"]}]},{\"@type\":\"BreadcrumbList\",\"@id\":\"https:\/\/urdaburu.eus\/es\/abau-refugio\/#breadcrumb\",\"itemListElement\":[{\"@type\":\"ListItem\",\"position\":1,\"name\":\"Home\",\"item\":\"https:\/\/urdaburu.eus\/es\/\"},{\"@type\":\"ListItem\",\"position\":2,\"name\":\"Borda Abau\"}]}]}<\/script>\n<!-- \/ Yoast SEO plugin. -->","yoast_head_json":{"title":"Borda Abau - Urdaburu","robots":{"index":"index","follow":"follow","max-snippet":"max-snippet:-1","max-image-preview":"max-image-preview:large","max-video-preview":"max-video-preview:-1"},"canonical":"https:\/\/urdaburu.eus\/es\/abau-refugio\/","og_locale":"es_ES","og_type":"article","og_title":"Borda Abau - Urdaburu","og_description":"El edificio donde se ubica el refugio era un antiguo caser\u00edo de verano de una familia del pueblo de Ans\u00f3 (Huesca).Situado en El Valle del","og_url":"https:\/\/urdaburu.eus\/es\/abau-refugio\/","og_site_name":"Urdaburu","article_modified_time":"2023-09-04T17:41:29+00:00","og_image":[{"width":1024,"height":499,"url":"https:\/\/urdaburu.eus\/app\/uploads\/2021\/11\/Borda-Abau-Slider.jpg","type":"image\/jpeg"}],"twitter_card":"summary_large_image","twitter_misc":{"Est. reading time":"2 minutos"},"schema":{"@context":"https:\/\/schema.org","@graph":[{"@type":"WebSite","@id":"https:\/\/urdaburu.eus\/#website","url":"https:\/\/urdaburu.eus\/","name":"Urdaburu","description":"Grupo de Monta\u00f1a ","potentialAction":[{"@type":"SearchAction","target":{"@type":"EntryPoint","urlTemplate":"https:\/\/urdaburu.eus\/?s={search_term_string}"},"query-input":"required name=search_term_string"}],"inLanguage":"es"},{"@type":"ImageObject","inLanguage":"es","@id":"https:\/\/urdaburu.eus\/es\/abau-refugio\/#primaryimage","url":"\/app\/uploads\/2021\/11\/Borda-Abau-Slider.jpg","contentUrl":"\/app\/uploads\/2021\/11\/Borda-Abau-Slider.jpg","width":1024,"height":499},{"@type":"WebPage","@id":"https:\/\/urdaburu.eus\/es\/abau-refugio\/#webpage","url":"https:\/\/urdaburu.eus\/es\/abau-refugio\/","name":"Borda Abau - Urdaburu","isPartOf":{"@id":"https:\/\/urdaburu.eus\/#website"},"primaryImageOfPage":{"@id":"https:\/\/urdaburu.eus\/es\/abau-refugio\/#primaryimage"},"datePublished":"2018-12-28T00:25:57+00:00","dateModified":"2023-09-04T17:41:29+00:00","breadcrumb":{"@id":"https:\/\/urdaburu.eus\/es\/abau-refugio\/#breadcrumb"},"inLanguage":"es","potentialAction":[{"@type":"ReadAction","target":["https:\/\/urdaburu.eus\/es\/abau-refugio\/"]}]},{"@type":"BreadcrumbList","@id":"https:\/\/urdaburu.eus\/es\/abau-refugio\/#breadcrumb","itemListElement":[{"@type":"ListItem","position":1,"name":"Home","item":"https:\/\/urdaburu.eus\/es\/"},{"@type":"ListItem","position":2,"name":"Borda Abau"}]}]}},"_links":{"self":[{"href":"https:\/\/urdaburu.eus\/es\/wp-json\/wp\/v2\/pages\/553"}],"collection":[{"href":"https:\/\/urdaburu.eus\/es\/wp-json\/wp\/v2\/pages"}],"about":[{"href":"https:\/\/urdaburu.eus\/es\/wp-json\/wp\/v2\/types\/page"}],"author":[{"embeddable":true,"href":"https:\/\/urdaburu.eus\/es\/wp-json\/wp\/v2\/users\/2"}],"replies":[{"embeddable":true,"href":"https:\/\/urdaburu.eus\/es\/wp-json\/wp\/v2\/comments?post=553"}],"version-history":[{"count":29,"href":"https:\/\/urdaburu.eus\/es\/wp-json\/wp\/v2\/pages\/553\/revisions"}],"predecessor-version":[{"id":5467,"href":"https:\/\/urdaburu.eus\/es\/wp-json\/wp\/v2\/pages\/553\/revisions\/5467"}],"wp:featuredmedia":[{"embeddable":true,"href":"https:\/\/urdaburu.eus\/es\/wp-json\/wp\/v2\/media\/3531"}],"wp:attachment":[{"href":"https:\/\/urdaburu.eus\/es\/wp-json\/wp\/v2\/media?parent=553"}],"curies":[{"name":"wp","href":"https:\/\/api.w.org\/{rel}","templated":true}]}}