{"id":555,"date":"2018-12-28T01:27:10","date_gmt":"2018-12-28T00:27:10","guid":{"rendered":"http:\/\/urdaburu.eus\/?page_id=555"},"modified":"2018-12-31T12:17:09","modified_gmt":"2018-12-31T11:17:09","slug":"esqui","status":"publish","type":"page","link":"https:\/\/urdaburu.eus\/es\/esqui\/","title":{"rendered":"Esqui"},"content":{"rendered":"<div class=\"Edukia\">\n<p>La modalidad del esqu\u00ed de fondo en el Urdaburu se introdujo en 1968 y en el 69 nuestros corredores con m\u00e1s ilusi\u00f3n que conocimientos ya participaban en competiciones oficiales y as\u00ed el 4-1-70 celebramos el I Gran premio Urdaburu como prueba dentro del calendario oficial de la \u00abFederaci\u00f3n Vasco-Navarra de Esqu\u00ed\u00bb, en Aralar&#8230;<\/p>\n<p>Organizar aquellas carreras era una odisea: se sal\u00eda de v\u00edspera en coche; se marcaba el recorrido antes de anochecer; se dorm\u00eda en Guardaetxe y por la ma\u00f1ana se volv\u00eda a repasar el circuito&#8230;<\/p>\n<p>A finales de los 70 el esqu\u00ed de fondo vivi\u00f3 momentos de esplendor en el G.M.Urdaburu, hab\u00edan quedado atr\u00e1s los balbuceos iniciales en que los Arcelus, Aduriz, Elizegui, Larruskain y otros pioneros de esta especialidad nos hab\u00edan mostrado sus excelencias.<\/p>\n<p>Ellas las Aduriz, Karrera, Roteta, Susperregi, Zubeldia&#8230;. ellos los Aduriz, Corral, Etxebaste, Ibarra, Alito, Polanco, Txetxi, Carlos&#8230; participaban activamente en cuantas competiciones tanto regionales como nacionales se celebraban. Victorias individuales y por equipos en diversas categor\u00edas, hac\u00edan sonar fuerte el nombre de Urdaburu en el mundillo del esqu\u00ed de fondo.<\/p>\n<p>En el a\u00f1o 77 varios de nuestros corredores se \u00abatrevieron\u00bb a viajar hasta Italia para participar en la por entonces incipiente \u00abMARCIALONGA\u00bb y volvieron tan satisfechos y contentos de la experiencia, que al a\u00f1o siguiente se volvi\u00f3 a organizar otro viaje en autob\u00fas para participar en la \u00abDOLOMITENLAUF\u00bb de 60 Km, ambas pruebas valederas para la EUROLOPPET (Copa de Europa de esqu\u00ed de fondo), en la que tomaban parte del orden de 5.000 y 8.000 corredores-as.<\/p>\n<p>Y en el 79 repetimos \u00abviaje\u00bb pero con una variante; Primero se acudi\u00f3 a la 8\u00aa MARCIALONGA y a la semana siguiente fuimos a la KONIGLUDWIG LAUF de 90 Km en Alemania. Repet\u00edamos por tanto nuestra estancia en Ziano de Finme donde ya nos consideraban como de casa&#8230; hasta el alcalde nos recibi\u00f3 en el hotel donde nos hosped\u00e1bamos. La competici\u00f3n fue preciosa y las chicas consiguieron el 2\u00ba puesto por equipos en los 45 Km de f\u00e9minas<\/p>\n<p>A finales de los70 y principio de los 80 una nueva hornada de chavales-as (FEDE, Ram\u00f3n, I\u00f1aki, Rub\u00e9n, Nere, Arantza&#8230;) empiezan a competir, despu\u00e9s de haber en algunos cursillos en Belagoa y Aralar, impartidos por Aduriz&#8230;<\/p>\n<p>En el 82 organizamos un viaje a Italia en dos furgonas para participar en las \u00ab24 HORAS DE PINZOLO\u00bb, (Aosta), a relevos por equipos y la experiencia fue de aupa. En el equipo \u00abA\u00bb estaban las figuras: Aduriz, Ortiz, Cabestany y Telleria que sudar, sudar\u00edan pero como estaban cachas aguantaron bien. En el equipo \u00abB\u00bb est\u00e1bamos Tom\u00e1s, Alito y los hermanos Arrieta (que acabaron con los yogures de todos los avituallamientos..) y que estuvieron a punto de retirarse a medianoche&#8230; pero gracias a la cabezoner\u00eda y \u00abbroncas\u00bb de Tom\u00e1s consiguieron seguir y terminar la carrera. En el equipo \u00abC\u00bb lo compon\u00edan Juli, Lete, Irasuegi e Ina (que era la primera vez que se calzaba unos esqu\u00eds de fondo), que aguantaron hasta que el cuerpo dijo basta. Fue una experiencia de las de no repetir ya que si cualquier competici\u00f3n en s\u00ed ya es dura esta m\u00e1s parec\u00eda una tortura&#8230;. je, je.<\/p>\n<p>En 1987 se celebra el primer cursillo de fondo para adultos en Linza; aloj\u00e1ndonos en el refugio de Abau, fue todo un \u00e9xito y al a\u00f1o siguiente repetimos organizando uno para mayores y otro para chavales-as. Se adquiere nuevo material de esqu\u00ed (pas\u00e1ndolo de extranjis por la frontera). Atr\u00e1s quedan las fijaciones de zepo&#8230;.<\/p>\n<p>En el 88 se forma un equipo de 14 j\u00f3venes, que entrena dos d\u00edas a la semana con Ina e I\u00f1aki utilizando el local del C.A.R. y se crea un muy buen ambiente durante varias temporadas; participando en los diversos campeonatos de GIPUZKOA y Euskadi que se celebran en Linza o Belagoa (aqu\u00ed andan los hijos-as de Arzelus, Lete, Corral, Etxebeste&#8230;<\/p>\n<p>En el 94 otra nueva remesa de j\u00f3venes mantiene el buen ambiente (hijos-as de: Irasuegi, Karrera, Grazia&#8230;). La nieve comienza a escasear y las carreras se trasladan a Candanchu y Somport.<\/p>\n<p>En el 97-98 hay 22 corredores-as compitiendo con el equipo y se consiguen podios en los campeonatos de Gipuzkoa y Euskadi y meritorios puestos en los campeonatos estatales; Oier, Urtzi y Eki\u00f1e forman parte de la selecci\u00f3n de Euskadi.<\/p>\n<p>En el 99 la federaci\u00f3n deja en manos de los Clubes el bus y los alojamientos y cada uno se busca la vida&#8230;<\/p>\n<p>En el a\u00f1o 2000 \u00abdesaparecen\u00bb los j\u00f3venes y quedan los carrozas (Tom\u00e1s, Alito, Jos\u00e9 Luis, I\u00f1aki&#8230;)<\/p>\n<p>En el 2002 se renueva el material de competici\u00f3n y roll-ski y se vuelve animar un grupo de 6 chavales-as, mas Txomin y Yeneko que tras probar en varias Beret y engancharse con los veteranos de siempre en las \u00abinvernales\u00bb MARCIALONGA, DOLOMITENLAUFF etc., les ha entrado el gusanillo ya maduros.<\/p>\n<p>Txomin e I\u00f1aki entrenan y participan con los chavales-as en las pruebas de Roll-ski (Bizarain, Hernialde, Isaba&#8230;), de la temporada y se las arreglan como mejor pueden con algunos padres para desplazarse a las carreras en Somport y Candanchu.<\/p>\n<p>Seguimos organizando cursillos de fondo para chavales-as conjuntamente con la Federaci\u00f3n y la Diputaci\u00f3n gozando de mucho \u00e9xito&#8230; pero luego lo de la competici\u00f3n&#8230; no engancha a los j\u00f3venes.<\/p>\n<p>En el 2004 y el 2005 se han organizado cursillos para adultos en Pont d&#8217;Espagne con mucho \u00e9xito.<\/p>\n<p>&nbsp;<\/p>\n<\/div>\n","protected":false},"excerpt":{"rendered":"<p>La modalidad del esqu\u00ed de fondo en el Urdaburu se introdujo en 1968 y en el 69 nuestros corredores con m\u00e1s ilusi\u00f3n que conocimientos ya<\/p>\n","protected":false},"author":2,"featured_media":443,"parent":0,"menu_order":0,"comment_status":"closed","ping_status":"closed","template":"page-templates\/template-services.php","meta":[],"yoast_head":"<!-- This site is optimized with the Yoast SEO plugin v19.1 - https:\/\/yoast.com\/wordpress\/plugins\/seo\/ -->\n<title>Esqui - Urdaburu<\/title>\n<meta name=\"robots\" content=\"index, follow, max-snippet:-1, max-image-preview:large, max-video-preview:-1\" \/>\n<link rel=\"canonical\" href=\"https:\/\/urdaburu.eus\/es\/esqui\/\" \/>\n<meta property=\"og:locale\" content=\"es_ES\" \/>\n<meta property=\"og:type\" content=\"article\" \/>\n<meta property=\"og:title\" content=\"Esqui - Urdaburu\" \/>\n<meta property=\"og:description\" content=\"La modalidad del esqu\u00ed de fondo en el Urdaburu se introdujo en 1968 y en el 69 nuestros corredores con m\u00e1s ilusi\u00f3n que conocimientos ya\" \/>\n<meta property=\"og:url\" content=\"https:\/\/urdaburu.eus\/es\/esqui\/\" \/>\n<meta property=\"og:site_name\" content=\"Urdaburu\" \/>\n<meta property=\"article:modified_time\" content=\"2018-12-31T11:17:09+00:00\" \/>\n<meta property=\"og:image\" content=\"https:\/\/urdaburu.eus\/app\/uploads\/2018\/12\/Iraupen-eskia.jpg\" \/>\n\t<meta property=\"og:image:width\" content=\"1200\" \/>\n\t<meta property=\"og:image:height\" content=\"675\" \/>\n\t<meta property=\"og:image:type\" content=\"image\/jpeg\" \/>\n<meta name=\"twitter:card\" content=\"summary_large_image\" \/>\n<meta name=\"twitter:label1\" content=\"Est. reading time\" \/>\n\t<meta name=\"twitter:data1\" content=\"5 minutos\" \/>\n<script type=\"application\/ld+json\" class=\"yoast-schema-graph\">{\"@context\":\"https:\/\/schema.org\",\"@graph\":[{\"@type\":\"WebSite\",\"@id\":\"https:\/\/urdaburu.eus\/#website\",\"url\":\"https:\/\/urdaburu.eus\/\",\"name\":\"Urdaburu\",\"description\":\"Grupo de Monta\u00f1a \",\"potentialAction\":[{\"@type\":\"SearchAction\",\"target\":{\"@type\":\"EntryPoint\",\"urlTemplate\":\"https:\/\/urdaburu.eus\/?s={search_term_string}\"},\"query-input\":\"required name=search_term_string\"}],\"inLanguage\":\"es\"},{\"@type\":\"ImageObject\",\"inLanguage\":\"es\",\"@id\":\"https:\/\/urdaburu.eus\/es\/esqui\/#primaryimage\",\"url\":\"\/app\/uploads\/2018\/12\/Iraupen-eskia.jpg\",\"contentUrl\":\"\/app\/uploads\/2018\/12\/Iraupen-eskia.jpg\",\"width\":1200,\"height\":675},{\"@type\":\"WebPage\",\"@id\":\"https:\/\/urdaburu.eus\/es\/esqui\/#webpage\",\"url\":\"https:\/\/urdaburu.eus\/es\/esqui\/\",\"name\":\"Esqui - Urdaburu\",\"isPartOf\":{\"@id\":\"https:\/\/urdaburu.eus\/#website\"},\"primaryImageOfPage\":{\"@id\":\"https:\/\/urdaburu.eus\/es\/esqui\/#primaryimage\"},\"datePublished\":\"2018-12-28T00:27:10+00:00\",\"dateModified\":\"2018-12-31T11:17:09+00:00\",\"breadcrumb\":{\"@id\":\"https:\/\/urdaburu.eus\/es\/esqui\/#breadcrumb\"},\"inLanguage\":\"es\",\"potentialAction\":[{\"@type\":\"ReadAction\",\"target\":[\"https:\/\/urdaburu.eus\/es\/esqui\/\"]}]},{\"@type\":\"BreadcrumbList\",\"@id\":\"https:\/\/urdaburu.eus\/es\/esqui\/#breadcrumb\",\"itemListElement\":[{\"@type\":\"ListItem\",\"position\":1,\"name\":\"Home\",\"item\":\"https:\/\/urdaburu.eus\/es\/\"},{\"@type\":\"ListItem\",\"position\":2,\"name\":\"Esqui\"}]}]}<\/script>\n<!-- \/ Yoast SEO plugin. -->","yoast_head_json":{"title":"Esqui - Urdaburu","robots":{"index":"index","follow":"follow","max-snippet":"max-snippet:-1","max-image-preview":"max-image-preview:large","max-video-preview":"max-video-preview:-1"},"canonical":"https:\/\/urdaburu.eus\/es\/esqui\/","og_locale":"es_ES","og_type":"article","og_title":"Esqui - Urdaburu","og_description":"La modalidad del esqu\u00ed de fondo en el Urdaburu se introdujo en 1968 y en el 69 nuestros corredores con m\u00e1s ilusi\u00f3n que conocimientos ya","og_url":"https:\/\/urdaburu.eus\/es\/esqui\/","og_site_name":"Urdaburu","article_modified_time":"2018-12-31T11:17:09+00:00","og_image":[{"width":1200,"height":675,"url":"https:\/\/urdaburu.eus\/app\/uploads\/2018\/12\/Iraupen-eskia.jpg","type":"image\/jpeg"}],"twitter_card":"summary_large_image","twitter_misc":{"Est. reading time":"5 minutos"},"schema":{"@context":"https:\/\/schema.org","@graph":[{"@type":"WebSite","@id":"https:\/\/urdaburu.eus\/#website","url":"https:\/\/urdaburu.eus\/","name":"Urdaburu","description":"Grupo de Monta\u00f1a ","potentialAction":[{"@type":"SearchAction","target":{"@type":"EntryPoint","urlTemplate":"https:\/\/urdaburu.eus\/?s={search_term_string}"},"query-input":"required name=search_term_string"}],"inLanguage":"es"},{"@type":"ImageObject","inLanguage":"es","@id":"https:\/\/urdaburu.eus\/es\/esqui\/#primaryimage","url":"\/app\/uploads\/2018\/12\/Iraupen-eskia.jpg","contentUrl":"\/app\/uploads\/2018\/12\/Iraupen-eskia.jpg","width":1200,"height":675},{"@type":"WebPage","@id":"https:\/\/urdaburu.eus\/es\/esqui\/#webpage","url":"https:\/\/urdaburu.eus\/es\/esqui\/","name":"Esqui - Urdaburu","isPartOf":{"@id":"https:\/\/urdaburu.eus\/#website"},"primaryImageOfPage":{"@id":"https:\/\/urdaburu.eus\/es\/esqui\/#primaryimage"},"datePublished":"2018-12-28T00:27:10+00:00","dateModified":"2018-12-31T11:17:09+00:00","breadcrumb":{"@id":"https:\/\/urdaburu.eus\/es\/esqui\/#breadcrumb"},"inLanguage":"es","potentialAction":[{"@type":"ReadAction","target":["https:\/\/urdaburu.eus\/es\/esqui\/"]}]},{"@type":"BreadcrumbList","@id":"https:\/\/urdaburu.eus\/es\/esqui\/#breadcrumb","itemListElement":[{"@type":"ListItem","position":1,"name":"Home","item":"https:\/\/urdaburu.eus\/es\/"},{"@type":"ListItem","position":2,"name":"Esqui"}]}]}},"_links":{"self":[{"href":"https:\/\/urdaburu.eus\/es\/wp-json\/wp\/v2\/pages\/555"}],"collection":[{"href":"https:\/\/urdaburu.eus\/es\/wp-json\/wp\/v2\/pages"}],"about":[{"href":"https:\/\/urdaburu.eus\/es\/wp-json\/wp\/v2\/types\/page"}],"author":[{"embeddable":true,"href":"https:\/\/urdaburu.eus\/es\/wp-json\/wp\/v2\/users\/2"}],"replies":[{"embeddable":true,"href":"https:\/\/urdaburu.eus\/es\/wp-json\/wp\/v2\/comments?post=555"}],"version-history":[{"count":2,"href":"https:\/\/urdaburu.eus\/es\/wp-json\/wp\/v2\/pages\/555\/revisions"}],"predecessor-version":[{"id":674,"href":"https:\/\/urdaburu.eus\/es\/wp-json\/wp\/v2\/pages\/555\/revisions\/674"}],"wp:featuredmedia":[{"embeddable":true,"href":"https:\/\/urdaburu.eus\/es\/wp-json\/wp\/v2\/media\/443"}],"wp:attachment":[{"href":"https:\/\/urdaburu.eus\/es\/wp-json\/wp\/v2\/media?parent=555"}],"curies":[{"name":"wp","href":"https:\/\/api.w.org\/{rel}","templated":true}]}}