{"id":660,"date":"2018-12-31T11:26:48","date_gmt":"2018-12-31T10:26:48","guid":{"rendered":"http:\/\/urdaburu.eus\/atalak\/"},"modified":"2019-01-04T19:36:32","modified_gmt":"2019-01-04T18:36:32","slug":"secciones","status":"publish","type":"page","link":"https:\/\/urdaburu.eus\/es\/secciones\/","title":{"rendered":"Secciones"},"content":{"rendered":"<section id=\"himalayas_service_widget-7\" class=\"widget widget_service_block clearfix\">\n<div id=\"secciones\">\n<div class=\"section-wrapper\">\n<div class=\"tg-container\">\n<div class=\"service-content-wrapper clearfix\">\n<div class=\"tg-column-wrapper clearfix\">\n<div class=\"tg-column-3 tg-column-bottom-margin\">\n<div class=\"service_image_class\">\n<div class=\"image-wrap\"><img loading=\"lazy\" class=\"attachment-himalayas-services size-himalayas-services wp-post-image\" src=\"\/app\/uploads\/2017\/11\/rollerski2-470x280.jpg\" alt=\"Eskia\" width=\"470\" height=\"280\" \/><\/div>\n<\/div>\n<div class=\"service-desc-wrap\">\n<h5 class=\"service-title\"><a title=\"Esqui\" href=\"https:\/\/urdaburu.eus\/es\/esqui\/\">Esqui<\/a><\/h5>\n<div class=\"service-content\">\n<p>Esqui de fondo. Rollerski.<\/p>\n<\/div>\n<p><a class=\"service-read-more\" title=\"Esqui\" href=\"https:\/\/urdaburu.eus\/es\/esqui\/\"> Leer m\u00e1s&#8230; <i class=\"fa fa-angle-double-right\"> <\/i><\/a><\/p>\n<\/div>\n<\/div>\n<div class=\"tg-column-3 tg-column-bottom-margin\">\n<div class=\"service_image_class\">\n<div class=\"image-wrap\"><img loading=\"lazy\" class=\"attachment-himalayas-services size-himalayas-services wp-post-image\" src=\"\/app\/uploads\/2017\/11\/gureartean-2.jpeg\" sizes=\"(max-width: 470px) 100vw, 470px\" srcset=\"\/app\/uploads\/2017\/11\/gureartean-2.jpeg 470w, \/app\/uploads\/2017\/11\/gureartean-2-300x179.jpeg 300w\" alt=\"Gure Artean\" width=\"470\" height=\"280\" \/><\/div>\n<\/div>\n<div class=\"service-desc-wrap\">\n<h5 class=\"service-title\"><a title=\"Gure Artean\" href=\"https:\/\/urdaburu.eus\/es\/gure-artean\/\"> Gure Artean<\/a><\/h5>\n<div class=\"service-content\">\n<p>Revista<\/p>\n<\/div>\n<p><a class=\"service-read-more\" title=\"Gure Artean\" href=\"https:\/\/urdaburu.eus\/es\/gure-artean\/\"> Read more <i class=\"fa fa-angle-double-right\"> <\/i><\/a><\/p>\n<\/div>\n<\/div>\n<div class=\"tg-column-3 tg-column-bottom-margin\">\n<div class=\"service_image_class\">\n<div class=\"image-wrap\"><img loading=\"lazy\" class=\"attachment-himalayas-services size-himalayas-services wp-post-image\" src=\"\/app\/uploads\/2017\/05\/AbauBorda-470x280.jpg\" alt=\"Abau Borda\" width=\"470\" height=\"280\" \/><\/div>\n<\/div>\n<div class=\"service-desc-wrap\">\n<h5 class=\"service-title\"><a title=\"Abau Borda\" href=\"https:\/\/urdaburu.eus\/es\/abau-refugio\/\"> Abau Borda<\/a><\/h5>\n<div class=\"service-content\">\n<p>Borda cerca de Ans\u00f3 y Zuriza.<\/p>\n<\/div>\n<p><a class=\"service-read-more\" title=\"Abau Borda\" href=\"https:\/\/urdaburu.eus\/es\/abau-refugio\/\"> Read more <i class=\"fa fa-angle-double-right\"> <\/i><\/a><\/p>\n<\/div>\n<\/div>\n<div class=\"clearfix\"><\/div>\n<div class=\"tg-column-3 tg-column-bottom-margin\">\n<div class=\"service_image_class\">\n<div class=\"image-wrap\"><img loading=\"lazy\" class=\"attachment-himalayas-services size-himalayas-services wp-post-image\" src=\"\/app\/uploads\/2017\/11\/eskalada-470x280.jpg\" alt=\"Eskalada\" width=\"470\" height=\"280\" \/><\/div>\n<\/div>\n<div class=\"service-desc-wrap\">\n<h5 class=\"service-title\"><a title=\"Eskalada\" href=\"https:\/\/urdaburu.eus\/es\/escalada\/\"> Escalada<\/a><\/h5>\n<div class=\"service-content\">\n<p>Escalada. V\u00edas<\/p>\n<p><a class=\"service-read-more\" title=\"Eskalada\" href=\"https:\/\/urdaburu.eus\/es\/escalada\/\">Read more<\/a><\/p>\n<\/div>\n<\/div>\n<\/div>\n<div class=\"tg-column-3 tg-column-bottom-margin\">\n<div class=\"service_image_class\">\n<div class=\"image-wrap\"><img loading=\"lazy\" class=\"attachment-himalayas-services size-himalayas-services wp-post-image\" src=\"\/app\/uploads\/2017\/05\/048-1_Tour-Mont-Blanc-470x280.jpg\" alt=\"Eskolartekoak\" width=\"470\" height=\"280\" \/><\/div>\n<\/div>\n<div class=\"service-desc-wrap\">\n<h5 class=\"service-title\"><a title=\"Eskolartekoak\" href=\"https:\/\/urdaburu.eus\/es\/escolares\/\"> Escolares<\/a><\/h5>\n<div class=\"service-content\">\n<p>Salidas de ni\u00f1os y ni\u00f1as de edades comprendidades entre los 8 y los 14 a\u00f1os.<\/p>\n<\/div>\n<p><a class=\"service-read-more\" title=\"Eskolartekoak\" href=\"https:\/\/urdaburu.eus\/es\/escolares\/\"> Read more <i class=\"fa fa-angle-double-right\"> <\/i><\/a><\/p>\n<\/div>\n<\/div>\n<div class=\"tg-column-3 tg-column-bottom-margin\">\n<div class=\"service_image_class\">\n<div class=\"image-wrap\"><img loading=\"lazy\" class=\"attachment-himalayas-services size-himalayas-services wp-post-image\" src=\"\/app\/uploads\/2017\/05\/052-Baroude-Petit-Pic-Blanc-Vista-de-la-cresta-hacia-la-Munia-2016-08-11-470x280.jpg\" alt=\"Mendi Irteerak\" width=\"470\" height=\"280\" \/><\/div>\n<\/div>\n<div class=\"service-desc-wrap\">\n<h5 class=\"service-title\"><a title=\"Mendi Irteerak\" href=\"https:\/\/urdaburu.eus\/es\/salidas-montaneras\/\"> Mendi Irteerak<\/a><\/h5>\n<div class=\"service-content\">\n<p>Proyectos actuales<\/p>\n<\/div>\n<p><a class=\"service-read-more\" title=\"Mendi Irteerak\" href=\"https:\/\/urdaburu.eus\/es\/salidas-montaneras\/\"> Read more <i class=\"fa fa-angle-double-right\"> <\/i><\/a><\/p>\n<\/div>\n<\/div>\n<\/div>\n<\/div>\n<\/div>\n<\/div>\n<\/div>\n<\/section>\n<p>&nbsp;<\/p>\n","protected":false},"excerpt":{"rendered":"<p>Esqui Esqui de fondo. Rollerski. Leer m\u00e1s&#8230; Gure Artean Revista Read more Abau Borda Borda cerca de Ans\u00f3 y Zuriza. Read more Escalada Escalada. V\u00edas<\/p>\n","protected":false},"author":1,"featured_media":0,"parent":0,"menu_order":0,"comment_status":"closed","ping_status":"closed","template":"","meta":[],"yoast_head":"<!-- This site is optimized with the Yoast SEO plugin v19.1 - https:\/\/yoast.com\/wordpress\/plugins\/seo\/ -->\n<title>Secciones - Urdaburu<\/title>\n<meta name=\"robots\" content=\"index, follow, max-snippet:-1, max-image-preview:large, max-video-preview:-1\" \/>\n<link rel=\"canonical\" href=\"https:\/\/urdaburu.eus\/es\/secciones\/\" \/>\n<meta property=\"og:locale\" content=\"es_ES\" \/>\n<meta property=\"og:type\" content=\"article\" \/>\n<meta property=\"og:title\" content=\"Secciones - Urdaburu\" \/>\n<meta property=\"og:description\" content=\"Esqui Esqui de fondo. Rollerski. Leer m\u00e1s&#8230; Gure Artean Revista Read more Abau Borda Borda cerca de Ans\u00f3 y Zuriza. Read more Escalada Escalada. V\u00edas\" \/>\n<meta property=\"og:url\" content=\"https:\/\/urdaburu.eus\/es\/secciones\/\" \/>\n<meta property=\"og:site_name\" content=\"Urdaburu\" \/>\n<meta property=\"article:modified_time\" content=\"2019-01-04T18:36:32+00:00\" \/>\n<meta name=\"twitter:card\" content=\"summary_large_image\" \/>\n<script type=\"application\/ld+json\" class=\"yoast-schema-graph\">{\"@context\":\"https:\/\/schema.org\",\"@graph\":[{\"@type\":\"WebSite\",\"@id\":\"https:\/\/urdaburu.eus\/#website\",\"url\":\"https:\/\/urdaburu.eus\/\",\"name\":\"Urdaburu\",\"description\":\"Grupo de Monta\u00f1a \",\"potentialAction\":[{\"@type\":\"SearchAction\",\"target\":{\"@type\":\"EntryPoint\",\"urlTemplate\":\"https:\/\/urdaburu.eus\/?s={search_term_string}\"},\"query-input\":\"required name=search_term_string\"}],\"inLanguage\":\"es\"},{\"@type\":\"WebPage\",\"@id\":\"https:\/\/urdaburu.eus\/es\/secciones\/#webpage\",\"url\":\"https:\/\/urdaburu.eus\/es\/secciones\/\",\"name\":\"Secciones - Urdaburu\",\"isPartOf\":{\"@id\":\"https:\/\/urdaburu.eus\/#website\"},\"datePublished\":\"2018-12-31T10:26:48+00:00\",\"dateModified\":\"2019-01-04T18:36:32+00:00\",\"breadcrumb\":{\"@id\":\"https:\/\/urdaburu.eus\/es\/secciones\/#breadcrumb\"},\"inLanguage\":\"es\",\"potentialAction\":[{\"@type\":\"ReadAction\",\"target\":[\"https:\/\/urdaburu.eus\/es\/secciones\/\"]}]},{\"@type\":\"BreadcrumbList\",\"@id\":\"https:\/\/urdaburu.eus\/es\/secciones\/#breadcrumb\",\"itemListElement\":[{\"@type\":\"ListItem\",\"position\":1,\"name\":\"Home\",\"item\":\"https:\/\/urdaburu.eus\/es\/\"},{\"@type\":\"ListItem\",\"position\":2,\"name\":\"Secciones\"}]}]}<\/script>\n<!-- \/ Yoast SEO plugin. -->","yoast_head_json":{"title":"Secciones - Urdaburu","robots":{"index":"index","follow":"follow","max-snippet":"max-snippet:-1","max-image-preview":"max-image-preview:large","max-video-preview":"max-video-preview:-1"},"canonical":"https:\/\/urdaburu.eus\/es\/secciones\/","og_locale":"es_ES","og_type":"article","og_title":"Secciones - Urdaburu","og_description":"Esqui Esqui de fondo. Rollerski. Leer m\u00e1s&#8230; Gure Artean Revista Read more Abau Borda Borda cerca de Ans\u00f3 y Zuriza. Read more Escalada Escalada. V\u00edas","og_url":"https:\/\/urdaburu.eus\/es\/secciones\/","og_site_name":"Urdaburu","article_modified_time":"2019-01-04T18:36:32+00:00","twitter_card":"summary_large_image","schema":{"@context":"https:\/\/schema.org","@graph":[{"@type":"WebSite","@id":"https:\/\/urdaburu.eus\/#website","url":"https:\/\/urdaburu.eus\/","name":"Urdaburu","description":"Grupo de Monta\u00f1a ","potentialAction":[{"@type":"SearchAction","target":{"@type":"EntryPoint","urlTemplate":"https:\/\/urdaburu.eus\/?s={search_term_string}"},"query-input":"required name=search_term_string"}],"inLanguage":"es"},{"@type":"WebPage","@id":"https:\/\/urdaburu.eus\/es\/secciones\/#webpage","url":"https:\/\/urdaburu.eus\/es\/secciones\/","name":"Secciones - Urdaburu","isPartOf":{"@id":"https:\/\/urdaburu.eus\/#website"},"datePublished":"2018-12-31T10:26:48+00:00","dateModified":"2019-01-04T18:36:32+00:00","breadcrumb":{"@id":"https:\/\/urdaburu.eus\/es\/secciones\/#breadcrumb"},"inLanguage":"es","potentialAction":[{"@type":"ReadAction","target":["https:\/\/urdaburu.eus\/es\/secciones\/"]}]},{"@type":"BreadcrumbList","@id":"https:\/\/urdaburu.eus\/es\/secciones\/#breadcrumb","itemListElement":[{"@type":"ListItem","position":1,"name":"Home","item":"https:\/\/urdaburu.eus\/es\/"},{"@type":"ListItem","position":2,"name":"Secciones"}]}]}},"_links":{"self":[{"href":"https:\/\/urdaburu.eus\/es\/wp-json\/wp\/v2\/pages\/660"}],"collection":[{"href":"https:\/\/urdaburu.eus\/es\/wp-json\/wp\/v2\/pages"}],"about":[{"href":"https:\/\/urdaburu.eus\/es\/wp-json\/wp\/v2\/types\/page"}],"author":[{"embeddable":true,"href":"https:\/\/urdaburu.eus\/es\/wp-json\/wp\/v2\/users\/1"}],"replies":[{"embeddable":true,"href":"https:\/\/urdaburu.eus\/es\/wp-json\/wp\/v2\/comments?post=660"}],"version-history":[{"count":4,"href":"https:\/\/urdaburu.eus\/es\/wp-json\/wp\/v2\/pages\/660\/revisions"}],"predecessor-version":[{"id":1019,"href":"https:\/\/urdaburu.eus\/es\/wp-json\/wp\/v2\/pages\/660\/revisions\/1019"}],"wp:attachment":[{"href":"https:\/\/urdaburu.eus\/es\/wp-json\/wp\/v2\/media?parent=660"}],"curies":[{"name":"wp","href":"https:\/\/api.w.org\/{rel}","templated":true}]}}